{"id":15098,"date":"2021-10-02T10:44:54","date_gmt":"2021-10-02T08:44:54","guid":{"rendered":"https:\/\/www.coopsoller.coop\/home\/"},"modified":"2022-03-23T11:31:53","modified_gmt":"2022-03-23T10:31:53","slug":"home","status":"publish","type":"page","link":"https:\/\/www.coopsoller.coop\/de\/","title":{"rendered":"Home"},"content":{"rendered":"<div class=\"wpb-content-wrapper\"><p>[vc_row][vc_column]\n\t\t\t<!-- START Slider 02 DE REVOLUTION SLIDER 6.7.34 --><p class=\"rs-p-wp-fix\"><\/p>\n\t\t\t<rs-module-wrap id=\"rev_slider_8_1_wrapper\" data-source=\"gallery\" style=\"visibility:hidden;background:transparent;padding:0;margin:0px auto;margin-top:0;margin-bottom:0;\">\n\t\t\t\t<rs-module id=\"rev_slider_8_1\" style=\"\" data-version=\"6.7.34\">\n\t\t\t\t\t<rs-slides style=\"overflow: hidden; position: absolute;\">\n\t\t\t\t\t\t<rs-slide style=\"position: absolute;\" data-key=\"rs-18\" data-title=\"Slide\" data-thumb=\"\/\/www.coopsoller.coop\/wp-content\/uploads\/2021\/02\/cooperativasoller-IMG_3021-50x100.jpg\" data-anim=\"f:random;\" data-in=\"o:0;r:ran(-45|45);sx:0;sy:0;row:5;col:5;\" data-out=\"a:false;\">\n\t\t\t\t\t\t\t<img decoding=\"async\" src=\"\/\/www.coopsoller.coop\/wp-content\/plugins\/revslider\/sr6\/assets\/assets\/dummy.png\" alt=\"\" title=\"cooperativasoller-IMG_3021\" width=\"1200\" height=\"800\" class=\"rev-slidebg tp-rs-img rs-lazyload\" data-lazyload=\"\/\/www.coopsoller.coop\/wp-content\/uploads\/2021\/02\/cooperativasoller-IMG_3021.jpg\" data-no-retina>\n<!--\n\t\t\t\t\t\t\t--><rs-layer\n\t\t\t\t\t\t\t\tid=\"slider-8-slide-18-layer-0\" \n\t\t\t\t\t\t\t\tclass=\"heading-font\"\n\t\t\t\t\t\t\t\tdata-type=\"text\"\n\t\t\t\t\t\t\t\tdata-rsp_ch=\"on\"\n\t\t\t\t\t\t\t\tdata-xy=\"x:c;xo:10px,8px,6px,3px;y:m;yo:7px,6px,4px,2px;\"\n\t\t\t\t\t\t\t\tdata-text=\"w:normal;s:135,150,124,78;l:122,136,112,69;fw:700;a:center;\"\n\t\t\t\t\t\t\t\tdata-frame_0=\"y:45px,39px,29px,17px;\"\n\t\t\t\t\t\t\t\tdata-frame_1=\"st:700;sp:1000;\"\n\t\t\t\t\t\t\t\tdata-frame_999=\"o:0;st:w;\"\n\t\t\t\t\t\t\t\tstyle=\"z-index:9;font-family:'Amatic SC';\"\n\t\t\t\t\t\t\t>Die landwirtschaftliche <\/br>Genossenschaft in S\u00f3ller \n\t\t\t\t\t\t\t<\/rs-layer><!--\n\n\t\t\t\t\t\t\t--><rs-layer\n\t\t\t\t\t\t\t\tid=\"slider-8-slide-18-layer-1\" \n\t\t\t\t\t\t\t\tdata-type=\"text\"\n\t\t\t\t\t\t\t\tdata-xy=\"x:c;y:m;yo:-152px,-173px,-151px,-120px;\"\n\t\t\t\t\t\t\t\tdata-text=\"w:normal;s:16,16,16,18;l:24;ls:3px,3px,2px,1px;fw:600;a:center;\"\n\t\t\t\t\t\t\t\tdata-rsp_bd=\"off\"\n\t\t\t\t\t\t\t\tdata-padding=\"t:12,11,8,5;r:40,35,27,17;b:12,11,8,5;l:40,35,27,17;\"\n\t\t\t\t\t\t\t\tdata-border=\"bor:5px,5px,5px,5px;\"\n\t\t\t\t\t\t\t\tdata-frame_0=\"y:50,43,32,19;\"\n\t\t\t\t\t\t\t\tdata-frame_1=\"st:300;sp:1000;\"\n\t\t\t\t\t\t\t\tdata-frame_999=\"o:0;st:w;\"\n\t\t\t\t\t\t\t\tstyle=\"z-index:10;background-color:#8e8e93;font-family:'Barlow';\"\n\t\t\t\t\t\t\t>WILLKOMMEN ZU \n\t\t\t\t\t\t\t<\/rs-layer><!--\n-->\t\t\t\t\t<\/rs-slide>\n\t\t\t\t\t\t<rs-slide style=\"position: absolute;\" data-key=\"rs-20\" data-title=\"Slide\" data-thumb=\"\/\/www.coopsoller.coop\/wp-content\/uploads\/2021\/10\/cooperativasoller-IMG_3178-50x100.jpg\" data-anim=\"f:random;\" data-in=\"o:0;r:ran(-45|45);sx:0;sy:0;row:5;col:5;\" data-out=\"a:false;\">\n\t\t\t\t\t\t\t<img decoding=\"async\" src=\"\/\/www.coopsoller.coop\/wp-content\/plugins\/revslider\/sr6\/assets\/assets\/dummy.png\" alt=\"Tenda CoopSoller\" title=\"cooperativasoller-IMG_3178\" width=\"1200\" height=\"799\" class=\"rev-slidebg tp-rs-img rs-lazyload\" data-lazyload=\"\/\/www.coopsoller.coop\/wp-content\/uploads\/2021\/10\/cooperativasoller-IMG_3178.jpg\" data-no-retina>\n<!--\n\t\t\t\t\t\t\t--><rs-layer\n\t\t\t\t\t\t\t\tid=\"slider-8-slide-20-layer-0\" \n\t\t\t\t\t\t\t\tclass=\"heading-font\"\n\t\t\t\t\t\t\t\tdata-type=\"text\"\n\t\t\t\t\t\t\t\tdata-rsp_ch=\"on\"\n\t\t\t\t\t\t\t\tdata-xy=\"x:c;y:m;yo:-30px,-26px,-19px,-11px;\"\n\t\t\t\t\t\t\t\tdata-text=\"w:normal;s:150,150,124,78;l:136,136,112,69;fw:700;a:center;\"\n\t\t\t\t\t\t\t\tdata-frame_0=\"y:50,43,32,19;\"\n\t\t\t\t\t\t\t\tdata-frame_1=\"st:700;sp:1000;\"\n\t\t\t\t\t\t\t\tdata-frame_999=\"o:0;st:w;\"\n\t\t\t\t\t\t\t\tstyle=\"z-index:9;font-family:'Amatic SC';\"\n\t\t\t\t\t\t\t>Lokale Produzenten \n\t\t\t\t\t\t\t<\/rs-layer><!--\n\n\t\t\t\t\t\t\t--><rs-layer\n\t\t\t\t\t\t\t\tid=\"slider-8-slide-20-layer-1\" \n\t\t\t\t\t\t\t\tdata-type=\"text\"\n\t\t\t\t\t\t\t\tdata-xy=\"x:c;y:m;yo:-152px,-173px,-151px,-120px;\"\n\t\t\t\t\t\t\t\tdata-text=\"w:normal;s:16,16,16,18;l:24;ls:3px,3px,2px,1px;fw:600;a:center;\"\n\t\t\t\t\t\t\t\tdata-rsp_bd=\"off\"\n\t\t\t\t\t\t\t\tdata-padding=\"t:12,11,8,5;r:40,35,27,17;b:12,11,8,5;l:40,35,27,17;\"\n\t\t\t\t\t\t\t\tdata-border=\"bor:5px,5px,5px,5px;\"\n\t\t\t\t\t\t\t\tdata-frame_0=\"y:50,43,32,19;\"\n\t\t\t\t\t\t\t\tdata-frame_1=\"st:300;sp:1000;\"\n\t\t\t\t\t\t\t\tdata-frame_999=\"o:0;st:w;\"\n\t\t\t\t\t\t\t\tstyle=\"z-index:10;background-color:#8e8e93;font-family:'Barlow';\"\n\t\t\t\t\t\t\t>GEGR\u00dcNDET 1899 \n\t\t\t\t\t\t\t<\/rs-layer><!--\n-->\t\t\t\t\t<\/rs-slide>\n\t\t\t\t\t\t<rs-slide style=\"position: absolute;\" data-key=\"rs-19\" data-title=\"Slide\" data-thumb=\"\/\/www.coopsoller.coop\/wp-content\/uploads\/2021\/02\/cooperativasoller-IMG_2842-50x100.jpg\" data-anim=\"f:random;\" data-in=\"o:0;r:ran(-45|45);sx:0;sy:0;row:5;col:5;\" data-out=\"a:false;\">\n\t\t\t\t\t\t\t<img decoding=\"async\" src=\"\/\/www.coopsoller.coop\/wp-content\/plugins\/revslider\/sr6\/assets\/assets\/dummy.png\" alt=\"\" title=\"cooperativasoller-IMG_2842\" width=\"1200\" height=\"800\" class=\"rev-slidebg tp-rs-img rs-lazyload\" data-lazyload=\"\/\/www.coopsoller.coop\/wp-content\/uploads\/2021\/02\/cooperativasoller-IMG_2842.jpg\" data-no-retina>\n<!--\n\t\t\t\t\t\t\t--><rs-layer\n\t\t\t\t\t\t\t\tid=\"slider-8-slide-19-layer-0\" \n\t\t\t\t\t\t\t\tclass=\"heading-font\"\n\t\t\t\t\t\t\t\tdata-type=\"text\"\n\t\t\t\t\t\t\t\tdata-rsp_ch=\"on\"\n\t\t\t\t\t\t\t\tdata-xy=\"x:c;y:m;yo:25px,21px,15px,9px;\"\n\t\t\t\t\t\t\t\tdata-text=\"w:normal;s:150,150,124,78;l:136,136,112,69;fw:700;a:center;\"\n\t\t\t\t\t\t\t\tdata-frame_0=\"y:50,43,32,19;\"\n\t\t\t\t\t\t\t\tdata-frame_1=\"st:700;sp:1000;\"\n\t\t\t\t\t\t\t\tdata-frame_999=\"o:0;st:w;\"\n\t\t\t\t\t\t\t\tstyle=\"z-index:9;font-family:'Amatic SC';\"\n\t\t\t\t\t\t\t>Herstellung von <\/br>nativem Oliven\u00f6l \n\t\t\t\t\t\t\t<\/rs-layer><!--\n\n\t\t\t\t\t\t\t--><rs-layer\n\t\t\t\t\t\t\t\tid=\"slider-8-slide-19-layer-1\" \n\t\t\t\t\t\t\t\tdata-type=\"text\"\n\t\t\t\t\t\t\t\tdata-xy=\"x:c;y:m;yo:-152px,-173px,-151px,-120px;\"\n\t\t\t\t\t\t\t\tdata-text=\"w:normal;s:16,16,16,18;l:24;ls:3px,3px,2px,1px;fw:600;a:center;\"\n\t\t\t\t\t\t\t\tdata-rsp_bd=\"off\"\n\t\t\t\t\t\t\t\tdata-padding=\"t:12,11,8,5;r:40,35,27,17;b:12,11,8,5;l:40,35,27,17;\"\n\t\t\t\t\t\t\t\tdata-border=\"bor:5px,5px,5px,5px;\"\n\t\t\t\t\t\t\t\tdata-frame_0=\"y:50,43,32,19;\"\n\t\t\t\t\t\t\t\tdata-frame_1=\"st:300;sp:1000;\"\n\t\t\t\t\t\t\t\tdata-frame_999=\"o:0;st:w;\"\n\t\t\t\t\t\t\t\tstyle=\"z-index:10;background-color:#8e8e93;font-family:'Barlow';\"\n\t\t\t\t\t\t\t>SEIT 1926 \n\t\t\t\t\t\t\t<\/rs-layer><!--\n-->\t\t\t\t\t<\/rs-slide>\n\t\t\t\t\t<\/rs-slides>\n\t\t\t\t<\/rs-module>\n\t\t\t\t<script>\n\t\t\t\t\tsetREVStartSize({c: 'rev_slider_8_1',rl:[1240,1024,778,480],el:[780,768,960,720],gw:[1170,1024,778,480],gh:[780,768,960,720],type:'standard',justify:'',layout:'fullwidth',mh:\"0\"});if (window.RS_MODULES!==undefined && window.RS_MODULES.modules!==undefined && window.RS_MODULES.modules[\"revslider81\"]!==undefined) {window.RS_MODULES.modules[\"revslider81\"].once = false;window.revapi8 = undefined;if (window.RS_MODULES.checkMinimal!==undefined) window.RS_MODULES.checkMinimal()}\n\t\t\t\t<\/script>\n\t\t\t<\/rs-module-wrap>\n\t\t\t<!-- END REVOLUTION SLIDER -->\n[\/vc_column][\/vc_row][vc_row][vc_column]\r\n\t<div class=\"agrikole-spacer clearfix\" data-desktop=\"120\" data-mobi=\"60\" data-smobi=\"60\"><\/div>[vc_row_inner][vc_column_inner width=&#8220;1\/2&#8243;]\r\n\t<div class=\"agrikole-parallax-box\"><div class=\"parallax-wrap\"><div class=\"agrikole-parallax-item \" style=\"left:-210px;\" data-parallax='{\"y\" : 0, \"smoothness\" : 20}' data-top=\"\"><img decoding=\"async\" class=\"parallax-image\" src=\"https:\/\/www.coopsoller.coop\/wp-content\/uploads\/2021\/05\/layered-img2-taronja.jpg\" alt=\"image\"><\/div><div class=\"agrikole-parallax-item \" style=\"left:30%;margin-top:77%;\" data-parallax='{\"y\" : -60, \"smoothness\" : 20}' data-top=\"77%\"><img decoding=\"async\" class=\"parallax-image\" src=\"https:\/\/www.coopsoller.coop\/wp-content\/uploads\/2021\/05\/safareig-fornalutx.jpg\" alt=\"image\"><\/div><\/div><\/div>\r\n\t<div class=\"agrikole-spacer clearfix\" data-desktop=\"0\" data-mobi=\"35\" data-smobi=\"35\"><\/div>[\/vc_column_inner][vc_column_inner width=&#8220;1\/2&#8243;]<div class=\"agrikole-headings clearfix \" data-font=70 data-mfont=60 style=\"\"><div class=\"pre-heading clearfix\" style=\"font-weight:600;color:#5b8c51;font-size:14px;letter-spacing:3px;\">\r\n\t\tWILLKOMMEN ZU\r\n\t<\/div><h2 class=\"heading clearfix \" style=\"line-height:70px;font-size:70px;\">\r\n\t\tDIE AGRARGENOSSENSCHAFT SANT BARTOLOMEU IN S\u00d3LLER\r\n\t<\/h2><div class=\"sep clearfix\" style=\"margin:5px 0 0;\">\r\n\t\t\t\t<img decoding=\"async\" alt=\"image\" src=\"https:\/\/www.coopsoller.coop\/wp-content\/uploads\/2020\/01\/separator.png\">\r\n\t\t\t<\/div><\/div>\r\n\t<div class=\"agrikole-spacer clearfix\" data-desktop=\"40\" data-mobi=\"30\" data-smobi=\"30\"><\/div>[vc_column_text]Wir sind die \u00e4lteste Bauerngenossenschaft Spaniens, gegr\u00fcndet 1899, spezialisiert auf den Vertrieb von Zitrusfr\u00fcchten und die Herstellung von nativem Oliven\u00f6l extra.[\/vc_column_text]\r\n\t<div class=\"agrikole-spacer clearfix\" data-desktop=\"40\" data-mobi=\"30\" data-smobi=\"30\"><\/div><div class=\"agrikole-grid-box clearfix grid2 border-light v-30 h-30 no-borders\" data-grid=\"2\" >\r\n\t\t<div class=\"agrikole-icon-box clearfix icon-left align-left  link-hover-accent simple\" style=\"\" ><div class=\"wrap-inner\" style=\"position: relative;\"><div class=\"agrikole-icon icon-69858855 icon-font custom custom\"  data-icon=\"#5b8c51\" data-background=\"\">\r\n\t\t\t<span class=\"icon\" style=\"font-size:64px;width:64px;height:64px;border-style:solid;line-height:64px;\"><i class=\"agri-trees\"><\/i><\/span>\r\n\t\t<\/div> <div class=\"content-wrap\"><h3 class=\"heading \" style=\"padding-left:80px;font-weight:600;font-size:20px;line-height:30px;font-family:Barlow;\">\r\n\t\t\t<span>Obst- und Gem\u00fcseanbau<\/span>\r\n\t\t<\/h3><\/div><\/div><\/div><div class=\"agrikole-icon-box clearfix icon-left align-left  link-hover-accent simple\" style=\"\" ><div class=\"wrap-inner\" style=\"position: relative;\"><div class=\"agrikole-icon icon-961382066 icon-font custom custom\"  data-icon=\"#5b8c51\" data-background=\"\">\r\n\t\t\t<span class=\"icon\" style=\"font-size:64px;width:64px;height:64px;border-style:solid;line-height:64px;\"><i class=\"agri-farmingandgardening1\"><\/i><\/span>\r\n\t\t<\/div> <div class=\"content-wrap\"><h3 class=\"heading \" style=\"padding-left:80px;font-weight:600;font-size:20px;line-height:30px;font-family:Barlow;\">\r\n\t\t\t<span>Helfen Sie mit, die Landschaft zu erhalten<\/span>\r\n\t\t<\/h3><\/div><\/div><\/div>\n\r\n\t<\/div>\r\n\t<div class=\"agrikole-spacer clearfix\" data-desktop=\"45\" data-mobi=\"30\" data-smobi=\"30\"><\/div>[vc_column_text]Unsere erste \u00d6lm\u00fchle haben wir 1926 installiert. Seitdem produziert sie natives Oliven\u00f6l, und in den letzten Jahren haben wir dank der Modernisierung der \u00d6lm\u00fchle die Herkunftsbezeichnung erhalten<a href=\"http:\/\/www.olidemallorca.es\/en\/\" target=\"_blank\" rel=\"noopener\"> DO Oli de Mallorca<\/a> \u201cOlis S\u00f3ller\u201d.[\/vc_column_text]\r\n\t<div class=\"agrikole-spacer clearfix\" data-desktop=\"50\" data-mobi=\"30\" data-smobi=\"30\"><\/div>[\/vc_column_inner][\/vc_row_inner]\r\n\t<div class=\"agrikole-spacer clearfix\" data-desktop=\"100\" data-mobi=\"60\" data-smobi=\"60\"><\/div>[\/vc_column][\/vc_row][vc_row parallax=&#8220;content-moving&#8220; full_width=&#8220;stretch_row&#8220; css=&#8220;.vc_custom_1627718619986{background-position: 0 0;background-repeat:-repeat;}&#8220;][vc_column]\r\n\t<div class=\"agrikole-spacer clearfix\" data-desktop=\"0\" data-mobi=\"0\" data-smobi=\"0\"><\/div>[\/vc_column][\/vc_row][vc_row full_width=&#8220;stretch_row&#8220; css=&#8220;.vc_custom_1621449112980{background-image: url(https:\/\/www.coopsoller.coop\/wp-content\/uploads\/2021\/05\/footer-bg-02.png?id=14615) !important;background-position: center !important;background-repeat: no-repeat !important;background-size: cover !important;}&#8220; el_class=&#8220;overflow-visible&#8220;][vc_column]\r\n\t<div class=\"agrikole-spacer clearfix\" data-desktop=\"110\" data-mobi=\"60\" data-smobi=\"60\"><\/div>[vc_row_inner][vc_column_inner width=&#8220;5\/12&#8243;]<div class=\"agrikole-headings clearfix \" data-font=70 data-mfont=60 style=\"\"><div class=\"pre-heading clearfix\" style=\"font-weight:600;color:#c5c9c4;font-size:14px;letter-spacing:3px;\">\r\n\t\tAGRARGENOSSENSCHAFT SANT BARTOLOMEU\r\n\t<\/div><h2 class=\"heading clearfix \" style=\"color:#ffffff;line-height:70px;font-size:70px;\">\r\n\t\tLANDWIRTSCHAFT &amp;<br \/>\nERHALTUNG\r\n\t<\/h2><div class=\"sep clearfix\" style=\"margin:5px 0 0;\">\r\n\t\t\t\t<img decoding=\"async\" alt=\"image\" src=\"https:\/\/www.coopsoller.coop\/wp-content\/uploads\/2020\/01\/separator.png\">\r\n\t\t\t<\/div><\/div>[\/vc_column_inner][vc_column_inner width=&#8220;7\/12&#8243;]\r\n\t<div class=\"agrikole-spacer clearfix\" data-desktop=\"37\" data-mobi=\"37\" data-smobi=\"37\"><\/div>[vc_column_text]<span style=\"color: #ffffff;\">Die Agrargenossenschaft Sant Bartolomeu wurde 1899 in S\u00f3ller gegr\u00fcndet. Zur Zeit sind in der Genossenschaft mehr als 350 Mitglieder organisiert, die gemeinsam dieselben Ziele verfolgen, die sie sich schon bei Ihrer Gr\u00fcndung gesetzt hat:<\/span><\/p>\n<ul>\n<li><span style=\"color: #ffffff;\">Die Erzielung eines fairen Preises f\u00fcr die Erzeugnisse lokaler Produzenten, damit diese weiter ihre Betriebe pflegen k\u00f6nnen die Landschaft mit ihren charakteristischen Obst- und Gem\u00fcseg\u00e4rten und den Olivenhainen bewahren.<\/span><\/li>\n<li><span style=\"color: #ffffff;\">F\u00f6rderung des Verkaufs von frischen und saisonalen Produkten.<\/span><\/li>\n<li><span style=\"color: #ffffff;\">Beitrag zur Erhaltung der Landschaft und der Traditionen der Serra de Tramuntana, die zum UNESCO-Weltkulturerbe in 2011 ernannt wurde.<\/span><\/li>\n<\/ul>\n<p><span style=\"color: #ffffff;\">Sie finden in der Genossenschaft Orangen, \u00d6l, Oliven, Marmelade, Obst, Gem\u00fcse, Wurst und andere Produkte, alles Ergebnisse der Arbeit, der \u00fcberlieferten Kenntnisse und der Liebe zu unserem Land. Dies alles macht die Genossenschaft zum idealen Ort f\u00fcr Ihre t\u00e4glichen Eink\u00e4ufe.<\/span><\/p>\n<p><span style=\"color: #ffffff;\">Seien Sie solidarisch mit den Bergen, mit der Landschaft der Tramuntana und mit den lokalen Bauern! Unterst\u00fctzen Sie die Genossenschaft durch Ihren Einkauf!<\/span><\/p>\n<p><span style=\"color: #ffffff;\">Auf diese Weise gewinnen wir Alle!<\/span>[\/vc_column_text][\/vc_column_inner][\/vc_row_inner]\r\n\t<div class=\"agrikole-spacer clearfix\" data-desktop=\"55\" data-mobi=\"40\" data-smobi=\"40\"><\/div>[\/vc_column][\/vc_row][vc_row full_width=&#8220;stretch_row&#8220; css=&#8220;.vc_custom_1579222967269{background-color: #f5f0e9 !important;}&#8220;][vc_column]\r\n\t<div class=\"agrikole-spacer clearfix\" data-desktop=\"112\" data-mobi=\"60\" data-smobi=\"60\"><\/div><div class=\"agrikole-headings clearfix text-center\" data-font=70 data-mfont=60 style=\"\"><div class=\"pre-heading clearfix\" style=\"font-weight:600;color:#5b8c51;font-size:14px;letter-spacing:3px;\">\r\n\t\tPRODUKTE\r\n\t<\/div><h2 class=\"heading clearfix \" style=\"line-height:70px;font-size:70px;\">\r\n\t\tKENNEN SIE UNSERE PRODUKTE?\r\n\t<\/h2><div class=\"sep clearfix\" style=\"margin:5px 0 0;\">\r\n\t\t\t\t<img decoding=\"async\" alt=\"image\" src=\"https:\/\/www.coopsoller.coop\/wp-content\/uploads\/2020\/01\/separator.png\">\r\n\t\t\t<\/div><\/div>\r\n\t<div class=\"agrikole-spacer clearfix\" data-desktop=\"56\" data-mobi=\"40\" data-smobi=\"40\"><\/div>[recent_products per_page=&#8220;12&#8243; columns=&#8220;3&#8243; orderby=&#8220;rand&#8220; order=&#8220;DESC&#8220;]\r\n\t<div class=\"agrikole-spacer clearfix\" data-desktop=\"120\" data-mobi=\"60\" data-smobi=\"60\"><\/div>[\/vc_column][\/vc_row]<\/p>\n<\/div>","protected":false},"excerpt":{"rendered":"<p>[vc_row][vc_column][\/vc_column][\/vc_row][vc_row][vc_column][vc_row_inner][vc_column_inner width=&#8220;1\/2&#8243;][\/vc_column_inner][vc_column_inner width=&#8220;1\/2&#8243;][vc_column_text]Wir sind die \u00e4lteste Bauerngenossenschaft Spaniens, gegr\u00fcndet 1899, spezialisiert auf den Vertrieb von Zitrusfr\u00fcchten und die Herstellung von nativem Oliven\u00f6l extra.[\/vc_column_text][vc_column_text]Unsere erste \u00d6lm\u00fchle haben wir 1926 installiert. Seitdem produziert sie natives Oliven\u00f6l, und in den letzten Jahren haben wir dank der Modernisierung der \u00d6lm\u00fchle die Herkunftsbezeichnung erhalten DO<\/p>\n","protected":false},"author":1,"featured_media":0,"parent":0,"menu_order":0,"comment_status":"closed","ping_status":"closed","template":"","meta":{"googlesitekit_rrm_CAowjJS5DA:productID":"","footnotes":""},"class_list":["post-15098","page","type-page","status-publish","hentry"],"yoast_head":"<!-- This site is optimized with the Yoast SEO plugin v26.8 - https:\/\/yoast.com\/product\/yoast-seo-wordpress\/ -->\n<title>Home - Cooperativa Agr\u00edcola de S\u00f3ller<\/title>\n<meta name=\"description\" content=\"Die Cooperativa de S\u00f3ller stammt aus dem Jahr 1899 und ist ber\u00fchmt f\u00fcr den Export von Orangen, Zitronen, \u00d6l und Oliven aus der Serra de Tramuntana.\" \/>\n<meta name=\"robots\" content=\"index, follow, max-snippet:-1, max-image-preview:large, max-video-preview:-1\" \/>\n<link rel=\"canonical\" href=\"https:\/\/www.coopsoller.coop\/de\/\" \/>\n<meta property=\"og:locale\" content=\"de_DE\" \/>\n<meta property=\"og:type\" content=\"article\" \/>\n<meta property=\"og:title\" content=\"Home - Cooperativa Agr\u00edcola de S\u00f3ller\" \/>\n<meta property=\"og:description\" content=\"Die Cooperativa de S\u00f3ller stammt aus dem Jahr 1899 und ist ber\u00fchmt f\u00fcr den Export von Orangen, Zitronen, \u00d6l und Oliven aus der Serra de Tramuntana.\" \/>\n<meta property=\"og:url\" content=\"https:\/\/www.coopsoller.coop\/de\/\" \/>\n<meta property=\"og:site_name\" content=\"Cooperativa Agr\u00edcola de S\u00f3ller\" \/>\n<meta property=\"article:publisher\" content=\"https:\/\/www.facebook.com\/coopsoller\" \/>\n<meta property=\"article:modified_time\" content=\"2022-03-23T10:31:53+00:00\" \/>\n<meta property=\"og:image\" content=\"https:\/\/www.coopsoller.coop\/wp-content\/uploads\/2021\/02\/logo-coopsoller-01.png\" \/>\n\t<meta property=\"og:image:width\" content=\"347\" \/>\n\t<meta property=\"og:image:height\" content=\"143\" \/>\n\t<meta property=\"og:image:type\" content=\"image\/png\" \/>\n<meta name=\"twitter:card\" content=\"summary_large_image\" \/>\n<meta name=\"twitter:site\" content=\"@coopsoller\" \/>\n<meta name=\"twitter:label1\" content=\"Gesch\u00e4tzte Lesezeit\" \/>\n\t<meta name=\"twitter:data1\" content=\"3\u00a0Minuten\" \/>\n<script type=\"application\/ld+json\" class=\"yoast-schema-graph\">{\"@context\":\"https:\/\/schema.org\",\"@graph\":[{\"@type\":\"WebPage\",\"@id\":\"https:\/\/www.coopsoller.coop\/de\/\",\"url\":\"https:\/\/www.coopsoller.coop\/de\/\",\"name\":\"Home - Cooperativa Agr\u00edcola de S\u00f3ller\",\"isPartOf\":{\"@id\":\"https:\/\/www.coopsoller.coop\/de\/#website\"},\"datePublished\":\"2021-10-02T08:44:54+00:00\",\"dateModified\":\"2022-03-23T10:31:53+00:00\",\"description\":\"Die Cooperativa de S\u00f3ller stammt aus dem Jahr 1899 und ist ber\u00fchmt f\u00fcr den Export von Orangen, Zitronen, \u00d6l und Oliven aus der Serra de Tramuntana.\",\"inLanguage\":\"de\",\"potentialAction\":[{\"@type\":\"ReadAction\",\"target\":[\"https:\/\/www.coopsoller.coop\/de\/\"]}]},{\"@type\":\"WebSite\",\"@id\":\"https:\/\/www.coopsoller.coop\/de\/#website\",\"url\":\"https:\/\/www.coopsoller.coop\/de\/\",\"name\":\"Cooperativa Agr\u00edcola de S\u00f3ller\",\"description\":\"Cooperativa Agr\u00edcola Sant Bartomeu de S\u00f3ller\",\"publisher\":{\"@id\":\"https:\/\/www.coopsoller.coop\/de\/#organization\"},\"potentialAction\":[{\"@type\":\"SearchAction\",\"target\":{\"@type\":\"EntryPoint\",\"urlTemplate\":\"https:\/\/www.coopsoller.coop\/de\/?s={search_term_string}\"},\"query-input\":{\"@type\":\"PropertyValueSpecification\",\"valueRequired\":true,\"valueName\":\"search_term_string\"}}],\"inLanguage\":\"de\"},{\"@type\":\"Organization\",\"@id\":\"https:\/\/www.coopsoller.coop\/de\/#organization\",\"name\":\"Cooperativa Agr\u00edcola de S\u00f3ller\",\"url\":\"https:\/\/www.coopsoller.coop\/de\/\",\"logo\":{\"@type\":\"ImageObject\",\"inLanguage\":\"de\",\"@id\":\"https:\/\/www.coopsoller.coop\/de\/#\/schema\/logo\/image\/\",\"url\":\"https:\/\/www.coopsoller.coop\/wp-content\/uploads\/2021\/02\/logo-coopsoller-01.png\",\"contentUrl\":\"https:\/\/www.coopsoller.coop\/wp-content\/uploads\/2021\/02\/logo-coopsoller-01.png\",\"width\":347,\"height\":143,\"caption\":\"Cooperativa Agr\u00edcola de S\u00f3ller\"},\"image\":{\"@id\":\"https:\/\/www.coopsoller.coop\/de\/#\/schema\/logo\/image\/\"},\"sameAs\":[\"https:\/\/www.facebook.com\/coopsoller\",\"https:\/\/x.com\/coopsoller\",\"https:\/\/www.instagram.com\/coopsoller\",\"https:\/\/www.linkedin.com\/company\/coopsoller\/\",\"https:\/\/www.youtube.com\/user\/coopsoller\"]}]}<\/script>\n<!-- \/ Yoast SEO plugin. -->","yoast_head_json":{"title":"Home - Cooperativa Agr\u00edcola de S\u00f3ller","description":"Die Cooperativa de S\u00f3ller stammt aus dem Jahr 1899 und ist ber\u00fchmt f\u00fcr den Export von Orangen, Zitronen, \u00d6l und Oliven aus der Serra de Tramuntana.","robots":{"index":"index","follow":"follow","max-snippet":"max-snippet:-1","max-image-preview":"max-image-preview:large","max-video-preview":"max-video-preview:-1"},"canonical":"https:\/\/www.coopsoller.coop\/de\/","og_locale":"de_DE","og_type":"article","og_title":"Home - Cooperativa Agr\u00edcola de S\u00f3ller","og_description":"Die Cooperativa de S\u00f3ller stammt aus dem Jahr 1899 und ist ber\u00fchmt f\u00fcr den Export von Orangen, Zitronen, \u00d6l und Oliven aus der Serra de Tramuntana.","og_url":"https:\/\/www.coopsoller.coop\/de\/","og_site_name":"Cooperativa Agr\u00edcola de S\u00f3ller","article_publisher":"https:\/\/www.facebook.com\/coopsoller","article_modified_time":"2022-03-23T10:31:53+00:00","og_image":[{"width":347,"height":143,"url":"https:\/\/www.coopsoller.coop\/wp-content\/uploads\/2021\/02\/logo-coopsoller-01.png","type":"image\/png"}],"twitter_card":"summary_large_image","twitter_site":"@coopsoller","twitter_misc":{"Gesch\u00e4tzte Lesezeit":"3\u00a0Minuten"},"schema":{"@context":"https:\/\/schema.org","@graph":[{"@type":"WebPage","@id":"https:\/\/www.coopsoller.coop\/de\/","url":"https:\/\/www.coopsoller.coop\/de\/","name":"Home - Cooperativa Agr\u00edcola de S\u00f3ller","isPartOf":{"@id":"https:\/\/www.coopsoller.coop\/de\/#website"},"datePublished":"2021-10-02T08:44:54+00:00","dateModified":"2022-03-23T10:31:53+00:00","description":"Die Cooperativa de S\u00f3ller stammt aus dem Jahr 1899 und ist ber\u00fchmt f\u00fcr den Export von Orangen, Zitronen, \u00d6l und Oliven aus der Serra de Tramuntana.","inLanguage":"de","potentialAction":[{"@type":"ReadAction","target":["https:\/\/www.coopsoller.coop\/de\/"]}]},{"@type":"WebSite","@id":"https:\/\/www.coopsoller.coop\/de\/#website","url":"https:\/\/www.coopsoller.coop\/de\/","name":"Cooperativa Agr\u00edcola de S\u00f3ller","description":"Cooperativa Agr\u00edcola Sant Bartomeu de S\u00f3ller","publisher":{"@id":"https:\/\/www.coopsoller.coop\/de\/#organization"},"potentialAction":[{"@type":"SearchAction","target":{"@type":"EntryPoint","urlTemplate":"https:\/\/www.coopsoller.coop\/de\/?s={search_term_string}"},"query-input":{"@type":"PropertyValueSpecification","valueRequired":true,"valueName":"search_term_string"}}],"inLanguage":"de"},{"@type":"Organization","@id":"https:\/\/www.coopsoller.coop\/de\/#organization","name":"Cooperativa Agr\u00edcola de S\u00f3ller","url":"https:\/\/www.coopsoller.coop\/de\/","logo":{"@type":"ImageObject","inLanguage":"de","@id":"https:\/\/www.coopsoller.coop\/de\/#\/schema\/logo\/image\/","url":"https:\/\/www.coopsoller.coop\/wp-content\/uploads\/2021\/02\/logo-coopsoller-01.png","contentUrl":"https:\/\/www.coopsoller.coop\/wp-content\/uploads\/2021\/02\/logo-coopsoller-01.png","width":347,"height":143,"caption":"Cooperativa Agr\u00edcola de S\u00f3ller"},"image":{"@id":"https:\/\/www.coopsoller.coop\/de\/#\/schema\/logo\/image\/"},"sameAs":["https:\/\/www.facebook.com\/coopsoller","https:\/\/x.com\/coopsoller","https:\/\/www.instagram.com\/coopsoller","https:\/\/www.linkedin.com\/company\/coopsoller\/","https:\/\/www.youtube.com\/user\/coopsoller"]}]}},"_links":{"self":[{"href":"https:\/\/www.coopsoller.coop\/de\/wp-json\/wp\/v2\/pages\/15098","targetHints":{"allow":["GET"]}}],"collection":[{"href":"https:\/\/www.coopsoller.coop\/de\/wp-json\/wp\/v2\/pages"}],"about":[{"href":"https:\/\/www.coopsoller.coop\/de\/wp-json\/wp\/v2\/types\/page"}],"author":[{"embeddable":true,"href":"https:\/\/www.coopsoller.coop\/de\/wp-json\/wp\/v2\/users\/1"}],"replies":[{"embeddable":true,"href":"https:\/\/www.coopsoller.coop\/de\/wp-json\/wp\/v2\/comments?post=15098"}],"version-history":[{"count":11,"href":"https:\/\/www.coopsoller.coop\/de\/wp-json\/wp\/v2\/pages\/15098\/revisions"}],"predecessor-version":[{"id":15454,"href":"https:\/\/www.coopsoller.coop\/de\/wp-json\/wp\/v2\/pages\/15098\/revisions\/15454"}],"wp:attachment":[{"href":"https:\/\/www.coopsoller.coop\/de\/wp-json\/wp\/v2\/media?parent=15098"}],"curies":[{"name":"wp","href":"https:\/\/api.w.org\/{rel}","templated":true}]}}