{"id":15082,"date":"2021-10-02T09:30:31","date_gmt":"2021-10-02T07:30:31","guid":{"rendered":"https:\/\/www.coopsoller.coop\/home\/"},"modified":"2022-02-22T11:07:02","modified_gmt":"2022-02-22T10:07:02","slug":"home","status":"publish","type":"page","link":"https:\/\/www.coopsoller.coop\/en\/","title":{"rendered":"Home"},"content":{"rendered":"<div class=\"wpb-content-wrapper\"><p>[vc_row][vc_column]\n\t\t\t<!-- START Slider 02 EN REVOLUTION SLIDER 6.7.34 --><p class=\"rs-p-wp-fix\"><\/p>\n\t\t\t<rs-module-wrap id=\"rev_slider_7_1_wrapper\" data-source=\"gallery\" style=\"visibility:hidden;background:transparent;padding:0;margin:0px auto;margin-top:0;margin-bottom:0;\">\n\t\t\t\t<rs-module id=\"rev_slider_7_1\" style=\"\" data-version=\"6.7.34\">\n\t\t\t\t\t<rs-slides style=\"overflow: hidden; position: absolute;\">\n\t\t\t\t\t\t<rs-slide style=\"position: absolute;\" data-key=\"rs-15\" data-title=\"Slide\" data-thumb=\"\/\/www.coopsoller.coop\/wp-content\/uploads\/2021\/02\/cooperativasoller-IMG_3021-50x100.jpg\" data-anim=\"f:random;\" data-in=\"o:0;r:ran(-45|45);sx:0;sy:0;row:5;col:5;\" data-out=\"a:false;\">\n\t\t\t\t\t\t\t<img decoding=\"async\" src=\"\/\/www.coopsoller.coop\/wp-content\/plugins\/revslider\/sr6\/assets\/assets\/dummy.png\" alt=\"\" title=\"cooperativasoller-IMG_3021\" width=\"1200\" height=\"800\" class=\"rev-slidebg tp-rs-img rs-lazyload\" data-lazyload=\"\/\/www.coopsoller.coop\/wp-content\/uploads\/2021\/02\/cooperativasoller-IMG_3021.jpg\" data-no-retina>\n<!--\n\t\t\t\t\t\t\t--><rs-layer\n\t\t\t\t\t\t\t\tid=\"slider-7-slide-15-layer-0\" \n\t\t\t\t\t\t\t\tclass=\"heading-font\"\n\t\t\t\t\t\t\t\tdata-type=\"text\"\n\t\t\t\t\t\t\t\tdata-rsp_ch=\"on\"\n\t\t\t\t\t\t\t\tdata-xy=\"x:c;xo:10px,8px,6px,3px;y:m;yo:7px,6px,4px,2px;\"\n\t\t\t\t\t\t\t\tdata-text=\"w:normal;s:135,150,124,78;l:122,136,112,69;fw:700;a:center;\"\n\t\t\t\t\t\t\t\tdata-frame_0=\"y:45px,39px,29px,17px;\"\n\t\t\t\t\t\t\t\tdata-frame_1=\"st:700;sp:1000;\"\n\t\t\t\t\t\t\t\tdata-frame_999=\"o:0;st:w;\"\n\t\t\t\t\t\t\t\tstyle=\"z-index:9;font-family:'Amatic SC';\"\n\t\t\t\t\t\t\t>The agricultural <\/br>Cooperative in S\u00f3ller \n\t\t\t\t\t\t\t<\/rs-layer><!--\n\n\t\t\t\t\t\t\t--><rs-layer\n\t\t\t\t\t\t\t\tid=\"slider-7-slide-15-layer-1\" \n\t\t\t\t\t\t\t\tdata-type=\"text\"\n\t\t\t\t\t\t\t\tdata-xy=\"x:c;y:m;yo:-152px,-173px,-151px,-120px;\"\n\t\t\t\t\t\t\t\tdata-text=\"w:normal;s:16,16,16,18;l:24;ls:3px,3px,2px,1px;fw:600;a:center;\"\n\t\t\t\t\t\t\t\tdata-rsp_bd=\"off\"\n\t\t\t\t\t\t\t\tdata-padding=\"t:12,11,8,5;r:40,35,27,17;b:12,11,8,5;l:40,35,27,17;\"\n\t\t\t\t\t\t\t\tdata-border=\"bor:5px,5px,5px,5px;\"\n\t\t\t\t\t\t\t\tdata-frame_0=\"y:50,43,32,19;\"\n\t\t\t\t\t\t\t\tdata-frame_1=\"st:300;sp:1000;\"\n\t\t\t\t\t\t\t\tdata-frame_999=\"o:0;st:w;\"\n\t\t\t\t\t\t\t\tstyle=\"z-index:10;background-color:#8e8e93;font-family:'Barlow';\"\n\t\t\t\t\t\t\t>WELCOME TO  \n\t\t\t\t\t\t\t<\/rs-layer><!--\n-->\t\t\t\t\t<\/rs-slide>\n\t\t\t\t\t\t<rs-slide style=\"position: absolute;\" data-key=\"rs-17\" data-title=\"Slide\" data-thumb=\"\/\/www.coopsoller.coop\/wp-content\/uploads\/2021\/10\/cooperativasoller-IMG_3178-50x100.jpg\" data-anim=\"f:random;\" data-in=\"o:0;r:ran(-45|45);sx:0;sy:0;row:5;col:5;\" data-out=\"a:false;\">\n\t\t\t\t\t\t\t<img decoding=\"async\" src=\"\/\/www.coopsoller.coop\/wp-content\/plugins\/revslider\/sr6\/assets\/assets\/dummy.png\" alt=\"Tenda CoopSoller\" title=\"cooperativasoller-IMG_3178\" width=\"1200\" height=\"799\" class=\"rev-slidebg tp-rs-img rs-lazyload\" data-lazyload=\"\/\/www.coopsoller.coop\/wp-content\/uploads\/2021\/10\/cooperativasoller-IMG_3178.jpg\" data-no-retina>\n<!--\n\t\t\t\t\t\t\t--><rs-layer\n\t\t\t\t\t\t\t\tid=\"slider-7-slide-17-layer-0\" \n\t\t\t\t\t\t\t\tclass=\"heading-font\"\n\t\t\t\t\t\t\t\tdata-type=\"text\"\n\t\t\t\t\t\t\t\tdata-rsp_ch=\"on\"\n\t\t\t\t\t\t\t\tdata-xy=\"x:c;y:m;yo:-30px,-26px,-19px,-11px;\"\n\t\t\t\t\t\t\t\tdata-text=\"w:normal;s:150,150,124,78;l:136,136,112,69;fw:700;a:center;\"\n\t\t\t\t\t\t\t\tdata-frame_0=\"y:50,43,32,19;\"\n\t\t\t\t\t\t\t\tdata-frame_1=\"st:700;sp:1000;\"\n\t\t\t\t\t\t\t\tdata-frame_999=\"o:0;st:w;\"\n\t\t\t\t\t\t\t\tstyle=\"z-index:9;font-family:'Amatic SC';\"\n\t\t\t\t\t\t\t> local producers  \n\t\t\t\t\t\t\t<\/rs-layer><!--\n\n\t\t\t\t\t\t\t--><rs-layer\n\t\t\t\t\t\t\t\tid=\"slider-7-slide-17-layer-1\" \n\t\t\t\t\t\t\t\tdata-type=\"text\"\n\t\t\t\t\t\t\t\tdata-xy=\"x:c;y:m;yo:-152px,-173px,-151px,-120px;\"\n\t\t\t\t\t\t\t\tdata-text=\"w:normal;s:16,16,16,18;l:24;ls:3px,3px,2px,1px;fw:600;a:center;\"\n\t\t\t\t\t\t\t\tdata-rsp_bd=\"off\"\n\t\t\t\t\t\t\t\tdata-padding=\"t:12,11,8,5;r:40,35,27,17;b:12,11,8,5;l:40,35,27,17;\"\n\t\t\t\t\t\t\t\tdata-border=\"bor:5px,5px,5px,5px;\"\n\t\t\t\t\t\t\t\tdata-frame_0=\"y:50,43,32,19;\"\n\t\t\t\t\t\t\t\tdata-frame_1=\"st:300;sp:1000;\"\n\t\t\t\t\t\t\t\tdata-frame_999=\"o:0;st:w;\"\n\t\t\t\t\t\t\t\tstyle=\"z-index:10;background-color:#8e8e93;font-family:'Barlow';\"\n\t\t\t\t\t\t\t>FOUNDED IN 1899 \n\t\t\t\t\t\t\t<\/rs-layer><!--\n-->\t\t\t\t\t<\/rs-slide>\n\t\t\t\t\t\t<rs-slide style=\"position: absolute;\" data-key=\"rs-16\" data-title=\"Slide\" data-thumb=\"\/\/www.coopsoller.coop\/wp-content\/uploads\/2021\/02\/cooperativasoller-IMG_2842-50x100.jpg\" data-anim=\"f:random;\" data-in=\"o:0;r:ran(-45|45);sx:0;sy:0;row:5;col:5;\" data-out=\"a:false;\">\n\t\t\t\t\t\t\t<img decoding=\"async\" src=\"\/\/www.coopsoller.coop\/wp-content\/plugins\/revslider\/sr6\/assets\/assets\/dummy.png\" alt=\"\" title=\"cooperativasoller-IMG_2842\" width=\"1200\" height=\"800\" class=\"rev-slidebg tp-rs-img rs-lazyload\" data-lazyload=\"\/\/www.coopsoller.coop\/wp-content\/uploads\/2021\/02\/cooperativasoller-IMG_2842.jpg\" data-no-retina>\n<!--\n\t\t\t\t\t\t\t--><rs-layer\n\t\t\t\t\t\t\t\tid=\"slider-7-slide-16-layer-0\" \n\t\t\t\t\t\t\t\tclass=\"heading-font\"\n\t\t\t\t\t\t\t\tdata-type=\"text\"\n\t\t\t\t\t\t\t\tdata-rsp_ch=\"on\"\n\t\t\t\t\t\t\t\tdata-xy=\"x:c;y:m;yo:25px,21px,15px,9px;\"\n\t\t\t\t\t\t\t\tdata-text=\"w:normal;s:150,150,124,78;l:136,136,112,69;fw:700;a:center;\"\n\t\t\t\t\t\t\t\tdata-frame_0=\"y:50,43,32,19;\"\n\t\t\t\t\t\t\t\tdata-frame_1=\"st:700;sp:1000;\"\n\t\t\t\t\t\t\t\tdata-frame_999=\"o:0;st:w;\"\n\t\t\t\t\t\t\t\tstyle=\"z-index:9;font-family:'Amatic SC';\"\n\t\t\t\t\t\t\t>producing virgin <\/br>olive oil \n\t\t\t\t\t\t\t<\/rs-layer><!--\n\n\t\t\t\t\t\t\t--><rs-layer\n\t\t\t\t\t\t\t\tid=\"slider-7-slide-16-layer-1\" \n\t\t\t\t\t\t\t\tdata-type=\"text\"\n\t\t\t\t\t\t\t\tdata-xy=\"x:c;y:m;yo:-152px,-173px,-151px,-120px;\"\n\t\t\t\t\t\t\t\tdata-text=\"w:normal;s:16,16,16,18;l:24;ls:3px,3px,2px,1px;fw:600;a:center;\"\n\t\t\t\t\t\t\t\tdata-rsp_bd=\"off\"\n\t\t\t\t\t\t\t\tdata-padding=\"t:12,11,8,5;r:40,35,27,17;b:12,11,8,5;l:40,35,27,17;\"\n\t\t\t\t\t\t\t\tdata-border=\"bor:5px,5px,5px,5px;\"\n\t\t\t\t\t\t\t\tdata-frame_0=\"y:50,43,32,19;\"\n\t\t\t\t\t\t\t\tdata-frame_1=\"st:300;sp:1000;\"\n\t\t\t\t\t\t\t\tdata-frame_999=\"o:0;st:w;\"\n\t\t\t\t\t\t\t\tstyle=\"z-index:10;background-color:#8e8e93;font-family:'Barlow';\"\n\t\t\t\t\t\t\t>SINCE 1926 \n\t\t\t\t\t\t\t<\/rs-layer><!--\n-->\t\t\t\t\t<\/rs-slide>\n\t\t\t\t\t<\/rs-slides>\n\t\t\t\t<\/rs-module>\n\t\t\t\t<script>\n\t\t\t\t\tsetREVStartSize({c: 'rev_slider_7_1',rl:[1240,1024,778,480],el:[780,768,960,720],gw:[1170,1024,778,480],gh:[780,768,960,720],type:'standard',justify:'',layout:'fullwidth',mh:\"0\"});if (window.RS_MODULES!==undefined && window.RS_MODULES.modules!==undefined && window.RS_MODULES.modules[\"revslider71\"]!==undefined) {window.RS_MODULES.modules[\"revslider71\"].once = false;window.revapi7 = undefined;if (window.RS_MODULES.checkMinimal!==undefined) window.RS_MODULES.checkMinimal()}\n\t\t\t\t<\/script>\n\t\t\t<\/rs-module-wrap>\n\t\t\t<!-- END REVOLUTION SLIDER -->\n[\/vc_column][\/vc_row][vc_row][vc_column]\r\n\t<div class=\"agrikole-spacer clearfix\" data-desktop=\"120\" data-mobi=\"60\" data-smobi=\"60\"><\/div>[vc_row_inner][vc_column_inner width=&#8221;1\/2&#8243;]\r\n\t<div class=\"agrikole-parallax-box\"><div class=\"parallax-wrap\"><div class=\"agrikole-parallax-item \" style=\"left:-210px;\" data-parallax='{\"y\" : 0, \"smoothness\" : 20}' data-top=\"\"><img decoding=\"async\" class=\"parallax-image\" src=\"https:\/\/www.coopsoller.coop\/wp-content\/uploads\/2021\/05\/layered-img2-taronja.jpg\" alt=\"image\"><\/div><div class=\"agrikole-parallax-item \" style=\"left:30%;margin-top:77%;\" data-parallax='{\"y\" : -60, \"smoothness\" : 20}' data-top=\"77%\"><img decoding=\"async\" class=\"parallax-image\" src=\"https:\/\/www.coopsoller.coop\/wp-content\/uploads\/2021\/05\/safareig-fornalutx.jpg\" alt=\"image\"><\/div><\/div><\/div>\r\n\t<div class=\"agrikole-spacer clearfix\" data-desktop=\"0\" data-mobi=\"35\" data-smobi=\"35\"><\/div>[\/vc_column_inner][vc_column_inner width=&#8221;1\/2&#8243;]<div class=\"agrikole-headings clearfix \" data-font=70 data-mfont=60 style=\"\"><div class=\"pre-heading clearfix\" style=\"font-weight:600;color:#5b8c51;font-size:14px;letter-spacing:3px;\">\r\n\t\tWELCOME TO\r\n\t<\/div><h2 class=\"heading clearfix \" style=\"line-height:70px;font-size:70px;\">\r\n\t\tFARMERS' CO-OP OF SAN BARTOLOME OF S\u00d3LLER\r\n\t<\/h2><div class=\"sep clearfix\" style=\"margin:5px 0 0;\">\r\n\t\t\t\t<img decoding=\"async\" alt=\"image\" src=\"https:\/\/www.coopsoller.coop\/wp-content\/uploads\/2020\/01\/separator.png\">\r\n\t\t\t<\/div><\/div>\r\n\t<div class=\"agrikole-spacer clearfix\" data-desktop=\"40\" data-mobi=\"30\" data-smobi=\"30\"><\/div>[vc_column_text]We are the oldest farmers\u2019 co-op in Spain, founded in 1899, specializing in the distribution of citrus and the manufacture of extra virgin olive oil.[\/vc_column_text]\r\n\t<div class=\"agrikole-spacer clearfix\" data-desktop=\"40\" data-mobi=\"30\" data-smobi=\"30\"><\/div><div class=\"agrikole-grid-box clearfix grid2 border-light v-30 h-30 no-borders\" data-grid=\"2\" >\r\n\t\t<div class=\"agrikole-icon-box clearfix icon-left align-left  link-hover-accent simple\" style=\"\" ><div class=\"wrap-inner\" style=\"position: relative;\"><div class=\"agrikole-icon icon-737547358 icon-font custom custom\"  data-icon=\"#5b8c51\" data-background=\"\">\r\n\t\t\t<span class=\"icon\" style=\"font-size:64px;width:64px;height:64px;border-style:solid;line-height:64px;\"><i class=\"agri-trees\"><\/i><\/span>\r\n\t\t<\/div> <div class=\"content-wrap\"><h3 class=\"heading \" style=\"padding-left:80px;font-weight:600;font-size:20px;line-height:30px;font-family:Barlow;\">\r\n\t\t\t<span>Fruit and vegetable cultivation<\/span>\r\n\t\t<\/h3><\/div><\/div><\/div><div class=\"agrikole-icon-box clearfix icon-left align-left  link-hover-accent simple\" style=\"\" ><div class=\"wrap-inner\" style=\"position: relative;\"><div class=\"agrikole-icon icon-490035604 icon-font custom custom\"  data-icon=\"#5b8c51\" data-background=\"\">\r\n\t\t\t<span class=\"icon\" style=\"font-size:64px;width:64px;height:64px;border-style:solid;line-height:64px;\"><i class=\"agri-farmingandgardening1\"><\/i><\/span>\r\n\t\t<\/div> <div class=\"content-wrap\"><h3 class=\"heading \" style=\"padding-left:80px;font-weight:600;font-size:20px;line-height:30px;font-family:Barlow;\">\r\n\t\t\t<span>Helping to preserve the landscape<\/span>\r\n\t\t<\/h3><\/div><\/div><\/div>\n\r\n\t<\/div>\r\n\t<div class=\"agrikole-spacer clearfix\" data-desktop=\"45\" data-mobi=\"30\" data-smobi=\"30\"><\/div>[vc_column_text]We installed our first oil mill in 1926. Since then it has been producing virgin olive oil, and in recent years, thanks to the modernization of the oil mill, we have been given the denomination of origin <a href=\"http:\/\/www.olidemallorca.es\/en\/\" target=\"_blank\" rel=\"noopener\">DO Oli de Mallorca<\/a> \u201cOlis S\u00f3ller\u201d.[\/vc_column_text]\r\n\t<div class=\"agrikole-spacer clearfix\" data-desktop=\"50\" data-mobi=\"30\" data-smobi=\"30\"><\/div>[\/vc_column_inner][\/vc_row_inner]\r\n\t<div class=\"agrikole-spacer clearfix\" data-desktop=\"100\" data-mobi=\"60\" data-smobi=\"60\"><\/div>[\/vc_column][\/vc_row][vc_row parallax=&#8221;content-moving&#8221; full_width=&#8221;stretch_row&#8221; css=&#8221;.vc_custom_1627718619986{background-position: 0 0;background-repeat:-repeat;}&#8221;][vc_column]\r\n\t<div class=\"agrikole-spacer clearfix\" data-desktop=\"0\" data-mobi=\"0\" data-smobi=\"0\"><\/div>[\/vc_column][\/vc_row][vc_row full_width=&#8221;stretch_row&#8221; css=&#8221;.vc_custom_1621449112980{background-image: url(https:\/\/www.coopsoller.coop\/wp-content\/uploads\/2021\/05\/footer-bg-02.png?id=14615) !important;background-position: center !important;background-repeat: no-repeat !important;background-size: cover !important;}&#8221; el_class=&#8221;overflow-visible&#8221;][vc_column]\r\n\t<div class=\"agrikole-spacer clearfix\" data-desktop=\"110\" data-mobi=\"60\" data-smobi=\"60\"><\/div>[vc_row_inner][vc_column_inner width=&#8221;5\/12&#8243;]<div class=\"agrikole-headings clearfix \" data-font=70 data-mfont=60 style=\"\"><div class=\"pre-heading clearfix\" style=\"font-weight:600;color:#c5c9c4;font-size:14px;letter-spacing:3px;\">\r\n\t\tCO-CO OF SAN BARTOLOM\u00c9\r\n\t<\/div><h2 class=\"heading clearfix \" style=\"color:#ffffff;line-height:70px;font-size:70px;\">\r\n\t\tAGRICULTURE &amp;<br \/>\nPRESERVATION\r\n\t<\/h2><div class=\"sep clearfix\" style=\"margin:5px 0 0;\">\r\n\t\t\t\t<img decoding=\"async\" alt=\"image\" src=\"https:\/\/www.coopsoller.coop\/wp-content\/uploads\/2020\/01\/separator.png\">\r\n\t\t\t<\/div><\/div>[\/vc_column_inner][vc_column_inner width=&#8221;7\/12&#8243;]\r\n\t<div class=\"agrikole-spacer clearfix\" data-desktop=\"37\" data-mobi=\"37\" data-smobi=\"37\"><\/div>[vc_column_text]<span style=\"color: #ffffff;\">The farmers\u2019 co-op of San Bartolom\u00e9 in S\u00f3ller was founded in 1899. Today, it has more than 350 members and remains dedicated to the goals set when it was established:<\/span><\/p>\n<ul>\n<li><span style=\"color: #ffffff;\">Getting a good price for local producers so they can look after their farms and preserve the landscape of orchards and olive groves.<\/span><\/li>\n<li><span style=\"color: #ffffff;\">Promoting the sale of fresh and seasonal products.<\/span><\/li>\n<li><span style=\"color: #ffffff;\">Helping to preserve the landscape and traditions of the Sierra de Tramuntana, which was designated a UNESCO World Heritage site in 2011.<\/span><\/li>\n<\/ul>\n<p><span style=\"color: #ffffff;\">You will find oranges, oil, olives, jams, fruits, vegetables, sausages and other products. They are the results of the work, wisdom and love for the land that makes the cooperative store the best place to fill your shopping basket.<\/span><\/p>\n<p><span style=\"color: #ffffff;\">Help support the environment, the farmers and the local community by buying at the cooperative. That way, everybody wins.<\/span>[\/vc_column_text][\/vc_column_inner][\/vc_row_inner]\r\n\t<div class=\"agrikole-spacer clearfix\" data-desktop=\"55\" data-mobi=\"40\" data-smobi=\"40\"><\/div>[\/vc_column][\/vc_row][vc_row full_width=&#8221;stretch_row&#8221; css=&#8221;.vc_custom_1579222967269{background-color: #f5f0e9 !important;}&#8221;][vc_column]\r\n\t<div class=\"agrikole-spacer clearfix\" data-desktop=\"112\" data-mobi=\"60\" data-smobi=\"60\"><\/div><div class=\"agrikole-headings clearfix text-center\" data-font=70 data-mfont=60 style=\"\"><div class=\"pre-heading clearfix\" style=\"font-weight:600;color:#5b8c51;font-size:14px;letter-spacing:3px;\">\r\n\t\tPRODUCTS\r\n\t<\/div><h2 class=\"heading clearfix \" style=\"line-height:70px;font-size:70px;\">\r\n\t\tDO YOU KNOW OUR PRODUCTS?\r\n\t<\/h2><div class=\"sep clearfix\" style=\"margin:5px 0 0;\">\r\n\t\t\t\t<img decoding=\"async\" alt=\"image\" src=\"https:\/\/www.coopsoller.coop\/wp-content\/uploads\/2020\/01\/separator.png\">\r\n\t\t\t<\/div><\/div>\r\n\t<div class=\"agrikole-spacer clearfix\" data-desktop=\"56\" data-mobi=\"40\" data-smobi=\"40\"><\/div>[recent_products per_page=&#8221;12&#8243; columns=&#8221;3&#8243; orderby=&#8221;rand&#8221; order=&#8221;DESC&#8221;]\r\n\t<div class=\"agrikole-spacer clearfix\" data-desktop=\"120\" data-mobi=\"60\" data-smobi=\"60\"><\/div>[\/vc_column][\/vc_row][vc_row][vc_column][\/vc_column][\/vc_row][vc_row][vc_column]\r\n\t<div class=\"agrikole-spacer clearfix\" data-desktop=\"0\" data-mobi=\"0\" data-smobi=\"0\"><\/div>[\/vc_column][\/vc_row]<\/p>\n<\/div>","protected":false},"excerpt":{"rendered":"<p>[vc_row][vc_column][\/vc_column][\/vc_row][vc_row][vc_column][vc_row_inner][vc_column_inner width=&#8221;1\/2&#8243;][\/vc_column_inner][vc_column_inner width=&#8221;1\/2&#8243;][vc_column_text]We are the oldest farmers\u2019 co-op in Spain, founded in 1899, specializing in the distribution of citrus and the manufacture of extra virgin olive oil.[\/vc_column_text][vc_column_text]We installed our first oil mill in 1926. Since then it has been producing virgin olive oil, and in recent years, thanks to the<\/p>\n","protected":false},"author":1,"featured_media":0,"parent":0,"menu_order":0,"comment_status":"closed","ping_status":"closed","template":"","meta":{"googlesitekit_rrm_CAowjJS5DA:productID":"","footnotes":""},"class_list":["post-15082","page","type-page","status-publish","hentry"],"yoast_head":"<!-- This site is optimized with the Yoast SEO plugin v26.8 - https:\/\/yoast.com\/product\/yoast-seo-wordpress\/ -->\n<title>Home - Cooperativa Agr\u00edcola de S\u00f3ller<\/title>\n<meta name=\"description\" content=\"The farmers\u2019 co-op of San Bartolom\u00e9 dates back to 1899 and is famous for the export of oranges, lemons, oil and olives.\" \/>\n<meta name=\"robots\" content=\"index, follow, max-snippet:-1, max-image-preview:large, max-video-preview:-1\" \/>\n<link rel=\"canonical\" href=\"https:\/\/www.coopsoller.coop\/en\/\" \/>\n<meta property=\"og:locale\" content=\"en_US\" \/>\n<meta property=\"og:type\" content=\"article\" \/>\n<meta property=\"og:title\" content=\"Home - Cooperativa Agr\u00edcola de S\u00f3ller\" \/>\n<meta property=\"og:description\" content=\"The farmers\u2019 co-op of San Bartolom\u00e9 dates back to 1899 and is famous for the export of oranges, lemons, oil and olives.\" \/>\n<meta property=\"og:url\" content=\"https:\/\/www.coopsoller.coop\/en\/\" \/>\n<meta property=\"og:site_name\" content=\"Cooperativa Agr\u00edcola de S\u00f3ller\" \/>\n<meta property=\"article:publisher\" content=\"https:\/\/www.facebook.com\/coopsoller\" \/>\n<meta property=\"article:modified_time\" content=\"2022-02-22T10:07:02+00:00\" \/>\n<meta property=\"og:image\" content=\"https:\/\/www.coopsoller.coop\/wp-content\/uploads\/2021\/02\/logo-coopsoller-01.png\" \/>\n\t<meta property=\"og:image:width\" content=\"347\" \/>\n\t<meta property=\"og:image:height\" content=\"143\" \/>\n\t<meta property=\"og:image:type\" content=\"image\/png\" \/>\n<meta name=\"twitter:card\" content=\"summary_large_image\" \/>\n<meta name=\"twitter:site\" content=\"@coopsoller\" \/>\n<meta name=\"twitter:label1\" content=\"Est. reading time\" \/>\n\t<meta name=\"twitter:data1\" content=\"2 minutes\" \/>\n<script type=\"application\/ld+json\" class=\"yoast-schema-graph\">{\"@context\":\"https:\/\/schema.org\",\"@graph\":[{\"@type\":\"WebPage\",\"@id\":\"https:\/\/www.coopsoller.coop\/en\/\",\"url\":\"https:\/\/www.coopsoller.coop\/en\/\",\"name\":\"Home - Cooperativa Agr\u00edcola de S\u00f3ller\",\"isPartOf\":{\"@id\":\"https:\/\/www.coopsoller.coop\/en\/#website\"},\"datePublished\":\"2021-10-02T07:30:31+00:00\",\"dateModified\":\"2022-02-22T10:07:02+00:00\",\"description\":\"The farmers\u2019 co-op of San Bartolom\u00e9 dates back to 1899 and is famous for the export of oranges, lemons, oil and olives.\",\"inLanguage\":\"en-US\",\"potentialAction\":[{\"@type\":\"ReadAction\",\"target\":[\"https:\/\/www.coopsoller.coop\/en\/\"]}]},{\"@type\":\"WebSite\",\"@id\":\"https:\/\/www.coopsoller.coop\/en\/#website\",\"url\":\"https:\/\/www.coopsoller.coop\/en\/\",\"name\":\"Cooperativa Agr\u00edcola de S\u00f3ller\",\"description\":\"Cooperativa Agr\u00edcola Sant Bartomeu de S\u00f3ller\",\"publisher\":{\"@id\":\"https:\/\/www.coopsoller.coop\/en\/#organization\"},\"potentialAction\":[{\"@type\":\"SearchAction\",\"target\":{\"@type\":\"EntryPoint\",\"urlTemplate\":\"https:\/\/www.coopsoller.coop\/en\/?s={search_term_string}\"},\"query-input\":{\"@type\":\"PropertyValueSpecification\",\"valueRequired\":true,\"valueName\":\"search_term_string\"}}],\"inLanguage\":\"en-US\"},{\"@type\":\"Organization\",\"@id\":\"https:\/\/www.coopsoller.coop\/en\/#organization\",\"name\":\"Cooperativa Agr\u00edcola de S\u00f3ller\",\"url\":\"https:\/\/www.coopsoller.coop\/en\/\",\"logo\":{\"@type\":\"ImageObject\",\"inLanguage\":\"en-US\",\"@id\":\"https:\/\/www.coopsoller.coop\/en\/#\/schema\/logo\/image\/\",\"url\":\"https:\/\/www.coopsoller.coop\/wp-content\/uploads\/2021\/02\/logo-coopsoller-01.png\",\"contentUrl\":\"https:\/\/www.coopsoller.coop\/wp-content\/uploads\/2021\/02\/logo-coopsoller-01.png\",\"width\":347,\"height\":143,\"caption\":\"Cooperativa Agr\u00edcola de S\u00f3ller\"},\"image\":{\"@id\":\"https:\/\/www.coopsoller.coop\/en\/#\/schema\/logo\/image\/\"},\"sameAs\":[\"https:\/\/www.facebook.com\/coopsoller\",\"https:\/\/x.com\/coopsoller\",\"https:\/\/www.instagram.com\/coopsoller\",\"https:\/\/www.linkedin.com\/company\/coopsoller\/\",\"https:\/\/www.youtube.com\/user\/coopsoller\"]}]}<\/script>\n<!-- \/ Yoast SEO plugin. -->","yoast_head_json":{"title":"Home - Cooperativa Agr\u00edcola de S\u00f3ller","description":"The farmers\u2019 co-op of San Bartolom\u00e9 dates back to 1899 and is famous for the export of oranges, lemons, oil and olives.","robots":{"index":"index","follow":"follow","max-snippet":"max-snippet:-1","max-image-preview":"max-image-preview:large","max-video-preview":"max-video-preview:-1"},"canonical":"https:\/\/www.coopsoller.coop\/en\/","og_locale":"en_US","og_type":"article","og_title":"Home - Cooperativa Agr\u00edcola de S\u00f3ller","og_description":"The farmers\u2019 co-op of San Bartolom\u00e9 dates back to 1899 and is famous for the export of oranges, lemons, oil and olives.","og_url":"https:\/\/www.coopsoller.coop\/en\/","og_site_name":"Cooperativa Agr\u00edcola de S\u00f3ller","article_publisher":"https:\/\/www.facebook.com\/coopsoller","article_modified_time":"2022-02-22T10:07:02+00:00","og_image":[{"width":347,"height":143,"url":"https:\/\/www.coopsoller.coop\/wp-content\/uploads\/2021\/02\/logo-coopsoller-01.png","type":"image\/png"}],"twitter_card":"summary_large_image","twitter_site":"@coopsoller","twitter_misc":{"Est. reading time":"2 minutes"},"schema":{"@context":"https:\/\/schema.org","@graph":[{"@type":"WebPage","@id":"https:\/\/www.coopsoller.coop\/en\/","url":"https:\/\/www.coopsoller.coop\/en\/","name":"Home - Cooperativa Agr\u00edcola de S\u00f3ller","isPartOf":{"@id":"https:\/\/www.coopsoller.coop\/en\/#website"},"datePublished":"2021-10-02T07:30:31+00:00","dateModified":"2022-02-22T10:07:02+00:00","description":"The farmers\u2019 co-op of San Bartolom\u00e9 dates back to 1899 and is famous for the export of oranges, lemons, oil and olives.","inLanguage":"en-US","potentialAction":[{"@type":"ReadAction","target":["https:\/\/www.coopsoller.coop\/en\/"]}]},{"@type":"WebSite","@id":"https:\/\/www.coopsoller.coop\/en\/#website","url":"https:\/\/www.coopsoller.coop\/en\/","name":"Cooperativa Agr\u00edcola de S\u00f3ller","description":"Cooperativa Agr\u00edcola Sant Bartomeu de S\u00f3ller","publisher":{"@id":"https:\/\/www.coopsoller.coop\/en\/#organization"},"potentialAction":[{"@type":"SearchAction","target":{"@type":"EntryPoint","urlTemplate":"https:\/\/www.coopsoller.coop\/en\/?s={search_term_string}"},"query-input":{"@type":"PropertyValueSpecification","valueRequired":true,"valueName":"search_term_string"}}],"inLanguage":"en-US"},{"@type":"Organization","@id":"https:\/\/www.coopsoller.coop\/en\/#organization","name":"Cooperativa Agr\u00edcola de S\u00f3ller","url":"https:\/\/www.coopsoller.coop\/en\/","logo":{"@type":"ImageObject","inLanguage":"en-US","@id":"https:\/\/www.coopsoller.coop\/en\/#\/schema\/logo\/image\/","url":"https:\/\/www.coopsoller.coop\/wp-content\/uploads\/2021\/02\/logo-coopsoller-01.png","contentUrl":"https:\/\/www.coopsoller.coop\/wp-content\/uploads\/2021\/02\/logo-coopsoller-01.png","width":347,"height":143,"caption":"Cooperativa Agr\u00edcola de S\u00f3ller"},"image":{"@id":"https:\/\/www.coopsoller.coop\/en\/#\/schema\/logo\/image\/"},"sameAs":["https:\/\/www.facebook.com\/coopsoller","https:\/\/x.com\/coopsoller","https:\/\/www.instagram.com\/coopsoller","https:\/\/www.linkedin.com\/company\/coopsoller\/","https:\/\/www.youtube.com\/user\/coopsoller"]}]}},"_links":{"self":[{"href":"https:\/\/www.coopsoller.coop\/en\/wp-json\/wp\/v2\/pages\/15082","targetHints":{"allow":["GET"]}}],"collection":[{"href":"https:\/\/www.coopsoller.coop\/en\/wp-json\/wp\/v2\/pages"}],"about":[{"href":"https:\/\/www.coopsoller.coop\/en\/wp-json\/wp\/v2\/types\/page"}],"author":[{"embeddable":true,"href":"https:\/\/www.coopsoller.coop\/en\/wp-json\/wp\/v2\/users\/1"}],"replies":[{"embeddable":true,"href":"https:\/\/www.coopsoller.coop\/en\/wp-json\/wp\/v2\/comments?post=15082"}],"version-history":[{"count":11,"href":"https:\/\/www.coopsoller.coop\/en\/wp-json\/wp\/v2\/pages\/15082\/revisions"}],"predecessor-version":[{"id":15323,"href":"https:\/\/www.coopsoller.coop\/en\/wp-json\/wp\/v2\/pages\/15082\/revisions\/15323"}],"wp:attachment":[{"href":"https:\/\/www.coopsoller.coop\/en\/wp-json\/wp\/v2\/media?parent=15082"}],"curies":[{"name":"wp","href":"https:\/\/api.w.org\/{rel}","templated":true}]}}