{"id":14936,"date":"2021-09-30T10:20:44","date_gmt":"2021-09-30T08:20:44","guid":{"rendered":"https:\/\/www.coopsoller.coop\/personalizar-cookies\/"},"modified":"2021-09-30T13:28:49","modified_gmt":"2021-09-30T11:28:49","slug":"personalizar-cookies","status":"publish","type":"page","link":"https:\/\/www.coopsoller.coop\/es\/personalizar-cookies\/","title":{"rendered":"Personalizar Cookies"},"content":{"rendered":"","protected":false},"excerpt":{"rendered":"","protected":false},"author":1,"featured_media":0,"parent":0,"menu_order":0,"comment_status":"closed","ping_status":"closed","template":"","meta":{"googlesitekit_rrm_CAowjJS5DA:productID":"","footnotes":""},"class_list":["post-14936","page","type-page","status-publish","hentry"],"yoast_head":"<!-- This site is optimized with the Yoast SEO plugin v26.8 - https:\/\/yoast.com\/product\/yoast-seo-wordpress\/ -->\n<title>Personalizar Cookies - Cooperativa Agr\u00edcola de S\u00f3ller<\/title>\n<meta name=\"robots\" content=\"index, follow, max-snippet:-1, max-image-preview:large, max-video-preview:-1\" \/>\n<link rel=\"canonical\" href=\"https:\/\/www.coopsoller.coop\/es\/personalizar-cookies\/\" \/>\n<meta property=\"og:locale\" content=\"es_ES\" \/>\n<meta property=\"og:type\" content=\"article\" \/>\n<meta property=\"og:title\" content=\"Personalizar Cookies - Cooperativa Agr\u00edcola de S\u00f3ller\" \/>\n<meta property=\"og:url\" content=\"https:\/\/www.coopsoller.coop\/es\/personalizar-cookies\/\" \/>\n<meta property=\"og:site_name\" content=\"Cooperativa Agr\u00edcola de S\u00f3ller\" \/>\n<meta property=\"article:publisher\" content=\"https:\/\/www.facebook.com\/coopsoller\" \/>\n<meta property=\"article:modified_time\" content=\"2021-09-30T11:28:49+00:00\" \/>\n<meta property=\"og:image\" content=\"https:\/\/www.coopsoller.coop\/wp-content\/uploads\/2021\/02\/logo-coopsoller-01.png\" \/>\n\t<meta property=\"og:image:width\" content=\"347\" \/>\n\t<meta property=\"og:image:height\" content=\"143\" \/>\n\t<meta property=\"og:image:type\" content=\"image\/png\" \/>\n<meta name=\"twitter:card\" content=\"summary_large_image\" \/>\n<meta name=\"twitter:site\" content=\"@coopsoller\" \/>\n<script type=\"application\/ld+json\" class=\"yoast-schema-graph\">{\"@context\":\"https:\/\/schema.org\",\"@graph\":[{\"@type\":\"WebPage\",\"@id\":\"https:\/\/www.coopsoller.coop\/es\/personalizar-cookies\/\",\"url\":\"https:\/\/www.coopsoller.coop\/es\/personalizar-cookies\/\",\"name\":\"Personalizar Cookies - Cooperativa Agr\u00edcola de S\u00f3ller\",\"isPartOf\":{\"@id\":\"https:\/\/www.coopsoller.coop\/es\/#website\"},\"datePublished\":\"2021-09-30T08:20:44+00:00\",\"dateModified\":\"2021-09-30T11:28:49+00:00\",\"inLanguage\":\"es\",\"potentialAction\":[{\"@type\":\"ReadAction\",\"target\":[\"https:\/\/www.coopsoller.coop\/es\/personalizar-cookies\/\"]}]},{\"@type\":\"WebSite\",\"@id\":\"https:\/\/www.coopsoller.coop\/es\/#website\",\"url\":\"https:\/\/www.coopsoller.coop\/es\/\",\"name\":\"Cooperativa Agr\u00edcola de S\u00f3ller\",\"description\":\"Cooperativa Agr\u00edcola Sant Bartomeu de S\u00f3ller\",\"publisher\":{\"@id\":\"https:\/\/www.coopsoller.coop\/es\/#organization\"},\"potentialAction\":[{\"@type\":\"SearchAction\",\"target\":{\"@type\":\"EntryPoint\",\"urlTemplate\":\"https:\/\/www.coopsoller.coop\/es\/?s={search_term_string}\"},\"query-input\":{\"@type\":\"PropertyValueSpecification\",\"valueRequired\":true,\"valueName\":\"search_term_string\"}}],\"inLanguage\":\"es\"},{\"@type\":\"Organization\",\"@id\":\"https:\/\/www.coopsoller.coop\/es\/#organization\",\"name\":\"Cooperativa Agr\u00edcola de S\u00f3ller\",\"url\":\"https:\/\/www.coopsoller.coop\/es\/\",\"logo\":{\"@type\":\"ImageObject\",\"inLanguage\":\"es\",\"@id\":\"https:\/\/www.coopsoller.coop\/es\/#\/schema\/logo\/image\/\",\"url\":\"https:\/\/www.coopsoller.coop\/wp-content\/uploads\/2021\/02\/logo-coopsoller-01.png\",\"contentUrl\":\"https:\/\/www.coopsoller.coop\/wp-content\/uploads\/2021\/02\/logo-coopsoller-01.png\",\"width\":347,\"height\":143,\"caption\":\"Cooperativa Agr\u00edcola de S\u00f3ller\"},\"image\":{\"@id\":\"https:\/\/www.coopsoller.coop\/es\/#\/schema\/logo\/image\/\"},\"sameAs\":[\"https:\/\/www.facebook.com\/coopsoller\",\"https:\/\/x.com\/coopsoller\",\"https:\/\/www.instagram.com\/coopsoller\",\"https:\/\/www.linkedin.com\/company\/coopsoller\/\",\"https:\/\/www.youtube.com\/user\/coopsoller\"]}]}<\/script>\n<!-- \/ Yoast SEO plugin. -->","yoast_head_json":{"title":"Personalizar Cookies - Cooperativa Agr\u00edcola de S\u00f3ller","robots":{"index":"index","follow":"follow","max-snippet":"max-snippet:-1","max-image-preview":"max-image-preview:large","max-video-preview":"max-video-preview:-1"},"canonical":"https:\/\/www.coopsoller.coop\/es\/personalizar-cookies\/","og_locale":"es_ES","og_type":"article","og_title":"Personalizar Cookies - Cooperativa Agr\u00edcola de S\u00f3ller","og_url":"https:\/\/www.coopsoller.coop\/es\/personalizar-cookies\/","og_site_name":"Cooperativa Agr\u00edcola de S\u00f3ller","article_publisher":"https:\/\/www.facebook.com\/coopsoller","article_modified_time":"2021-09-30T11:28:49+00:00","og_image":[{"width":347,"height":143,"url":"https:\/\/www.coopsoller.coop\/wp-content\/uploads\/2021\/02\/logo-coopsoller-01.png","type":"image\/png"}],"twitter_card":"summary_large_image","twitter_site":"@coopsoller","schema":{"@context":"https:\/\/schema.org","@graph":[{"@type":"WebPage","@id":"https:\/\/www.coopsoller.coop\/es\/personalizar-cookies\/","url":"https:\/\/www.coopsoller.coop\/es\/personalizar-cookies\/","name":"Personalizar Cookies - Cooperativa Agr\u00edcola de S\u00f3ller","isPartOf":{"@id":"https:\/\/www.coopsoller.coop\/es\/#website"},"datePublished":"2021-09-30T08:20:44+00:00","dateModified":"2021-09-30T11:28:49+00:00","inLanguage":"es","potentialAction":[{"@type":"ReadAction","target":["https:\/\/www.coopsoller.coop\/es\/personalizar-cookies\/"]}]},{"@type":"WebSite","@id":"https:\/\/www.coopsoller.coop\/es\/#website","url":"https:\/\/www.coopsoller.coop\/es\/","name":"Cooperativa Agr\u00edcola de S\u00f3ller","description":"Cooperativa Agr\u00edcola Sant Bartomeu de S\u00f3ller","publisher":{"@id":"https:\/\/www.coopsoller.coop\/es\/#organization"},"potentialAction":[{"@type":"SearchAction","target":{"@type":"EntryPoint","urlTemplate":"https:\/\/www.coopsoller.coop\/es\/?s={search_term_string}"},"query-input":{"@type":"PropertyValueSpecification","valueRequired":true,"valueName":"search_term_string"}}],"inLanguage":"es"},{"@type":"Organization","@id":"https:\/\/www.coopsoller.coop\/es\/#organization","name":"Cooperativa Agr\u00edcola de S\u00f3ller","url":"https:\/\/www.coopsoller.coop\/es\/","logo":{"@type":"ImageObject","inLanguage":"es","@id":"https:\/\/www.coopsoller.coop\/es\/#\/schema\/logo\/image\/","url":"https:\/\/www.coopsoller.coop\/wp-content\/uploads\/2021\/02\/logo-coopsoller-01.png","contentUrl":"https:\/\/www.coopsoller.coop\/wp-content\/uploads\/2021\/02\/logo-coopsoller-01.png","width":347,"height":143,"caption":"Cooperativa Agr\u00edcola de S\u00f3ller"},"image":{"@id":"https:\/\/www.coopsoller.coop\/es\/#\/schema\/logo\/image\/"},"sameAs":["https:\/\/www.facebook.com\/coopsoller","https:\/\/x.com\/coopsoller","https:\/\/www.instagram.com\/coopsoller","https:\/\/www.linkedin.com\/company\/coopsoller\/","https:\/\/www.youtube.com\/user\/coopsoller"]}]}},"_links":{"self":[{"href":"https:\/\/www.coopsoller.coop\/es\/wp-json\/wp\/v2\/pages\/14936","targetHints":{"allow":["GET"]}}],"collection":[{"href":"https:\/\/www.coopsoller.coop\/es\/wp-json\/wp\/v2\/pages"}],"about":[{"href":"https:\/\/www.coopsoller.coop\/es\/wp-json\/wp\/v2\/types\/page"}],"author":[{"embeddable":true,"href":"https:\/\/www.coopsoller.coop\/es\/wp-json\/wp\/v2\/users\/1"}],"replies":[{"embeddable":true,"href":"https:\/\/www.coopsoller.coop\/es\/wp-json\/wp\/v2\/comments?post=14936"}],"version-history":[{"count":1,"href":"https:\/\/www.coopsoller.coop\/es\/wp-json\/wp\/v2\/pages\/14936\/revisions"}],"predecessor-version":[{"id":14974,"href":"https:\/\/www.coopsoller.coop\/es\/wp-json\/wp\/v2\/pages\/14936\/revisions\/14974"}],"wp:attachment":[{"href":"https:\/\/www.coopsoller.coop\/es\/wp-json\/wp\/v2\/media?parent=14936"}],"curies":[{"name":"wp","href":"https:\/\/api.w.org\/{rel}","templated":true}]}}