{"id":14947,"date":"2021-09-30T12:38:00","date_gmt":"2021-09-30T10:38:00","guid":{"rendered":"https:\/\/www.coopsoller.coop\/la-cooperativa\/politica-de-calidad\/"},"modified":"2021-09-30T12:38:00","modified_gmt":"2021-09-30T10:38:00","slug":"politica-de-calidad","status":"publish","type":"page","link":"https:\/\/www.coopsoller.coop\/es\/la-cooperativa\/politica-de-calidad\/","title":{"rendered":"Pol\u00edtica de calidad"},"content":{"rendered":"\n<h2 class=\"wp-block-heading\">Nuestra pol\u00edtica de calidad, medioambiente y seguridad alimentaria.<\/h2>\n\n<p><br\/>Queremos ser una organizaci\u00f3n que recupere y haga rentable el campo mallorqu\u00edn, satisfaciendo las exigencias de nuestra sociedad produciendo y comercializando productos de primera calidad, sanos y seguros; y satisfaciendo las necesidades de nuestros cooperativistas ayud\u00e1ndoles a desarrollar y mejorar su negocio de manera sostenible. Todo ello potenciando nuestros valores tradicionales, identidad y cultura propias; y comprometidos con el medio ambiente.<br\/><\/p>\n\n<p>Nuestro principal activo es nuestro capital humano, con el que conseguimos cumplir las expectativas de nuestros cooperativistas y consumidores.<\/p>\n","protected":false},"excerpt":{"rendered":"<p>Nuestra pol\u00edtica de calidad, medioambiente y seguridad alimentaria. Queremos ser una organizaci\u00f3n que recupere y haga rentable el campo mallorqu\u00edn, satisfaciendo las exigencias de nuestra sociedad produciendo y comercializando productos de primera calidad, sanos y seguros; y satisfaciendo las necesidades de nuestros cooperativistas ayud\u00e1ndoles a desarrollar y mejorar su negocio<\/p>\n","protected":false},"author":1,"featured_media":0,"parent":14944,"menu_order":0,"comment_status":"closed","ping_status":"closed","template":"","meta":{"googlesitekit_rrm_CAowjJS5DA:productID":"","footnotes":""},"class_list":["post-14947","page","type-page","status-publish","hentry"],"yoast_head":"<!-- This site is optimized with the Yoast SEO plugin v26.8 - https:\/\/yoast.com\/product\/yoast-seo-wordpress\/ -->\n<title>Pol\u00edtica de calidad<\/title>\n<meta name=\"description\" content=\"Queremos ser una organizaci\u00f3n que recupere y haga rentable el campo mallorqu\u00edn, satisfaciendo las exigencias de cooperativistas y consumidores.\" \/>\n<meta name=\"robots\" content=\"index, follow, max-snippet:-1, max-image-preview:large, max-video-preview:-1\" \/>\n<link rel=\"canonical\" href=\"https:\/\/www.coopsoller.coop\/es\/la-cooperativa\/politica-de-calidad\/\" \/>\n<meta property=\"og:locale\" content=\"es_ES\" \/>\n<meta property=\"og:type\" content=\"article\" \/>\n<meta property=\"og:title\" content=\"Pol\u00edtica de calidad\" \/>\n<meta property=\"og:description\" content=\"Queremos ser una organizaci\u00f3n que recupere y haga rentable el campo mallorqu\u00edn, satisfaciendo las exigencias de cooperativistas y consumidores.\" \/>\n<meta property=\"og:url\" content=\"https:\/\/www.coopsoller.coop\/es\/la-cooperativa\/politica-de-calidad\/\" \/>\n<meta property=\"og:site_name\" content=\"Cooperativa Agr\u00edcola de S\u00f3ller\" \/>\n<meta property=\"article:publisher\" content=\"https:\/\/www.facebook.com\/coopsoller\" \/>\n<meta property=\"og:image\" content=\"https:\/\/www.coopsoller.coop\/wp-content\/uploads\/2021\/02\/logo-coopsoller-01.png\" \/>\n\t<meta property=\"og:image:width\" content=\"347\" \/>\n\t<meta property=\"og:image:height\" content=\"143\" \/>\n\t<meta property=\"og:image:type\" content=\"image\/png\" \/>\n<meta name=\"twitter:card\" content=\"summary_large_image\" \/>\n<meta name=\"twitter:site\" content=\"@coopsoller\" \/>\n<script type=\"application\/ld+json\" class=\"yoast-schema-graph\">{\"@context\":\"https:\/\/schema.org\",\"@graph\":[{\"@type\":\"WebPage\",\"@id\":\"https:\/\/www.coopsoller.coop\/es\/la-cooperativa\/politica-de-calidad\/\",\"url\":\"https:\/\/www.coopsoller.coop\/es\/la-cooperativa\/politica-de-calidad\/\",\"name\":\"Pol\u00edtica de calidad\",\"isPartOf\":{\"@id\":\"https:\/\/www.coopsoller.coop\/es\/#website\"},\"datePublished\":\"2021-09-30T10:38:00+00:00\",\"description\":\"Queremos ser una organizaci\u00f3n que recupere y haga rentable el campo mallorqu\u00edn, satisfaciendo las exigencias de cooperativistas y consumidores.\",\"breadcrumb\":{\"@id\":\"https:\/\/www.coopsoller.coop\/es\/la-cooperativa\/politica-de-calidad\/#breadcrumb\"},\"inLanguage\":\"es\",\"potentialAction\":[{\"@type\":\"ReadAction\",\"target\":[\"https:\/\/www.coopsoller.coop\/es\/la-cooperativa\/politica-de-calidad\/\"]}]},{\"@type\":\"BreadcrumbList\",\"@id\":\"https:\/\/www.coopsoller.coop\/es\/la-cooperativa\/politica-de-calidad\/#breadcrumb\",\"itemListElement\":[{\"@type\":\"ListItem\",\"position\":1,\"name\":\"La Cooperativa\",\"item\":\"https:\/\/www.coopsoller.coop\/es\/la-cooperativa\/\"},{\"@type\":\"ListItem\",\"position\":2,\"name\":\"Pol\u00edtica de calidad\"}]},{\"@type\":\"WebSite\",\"@id\":\"https:\/\/www.coopsoller.coop\/es\/#website\",\"url\":\"https:\/\/www.coopsoller.coop\/es\/\",\"name\":\"Cooperativa Agr\u00edcola de S\u00f3ller\",\"description\":\"Cooperativa Agr\u00edcola Sant Bartomeu de S\u00f3ller\",\"publisher\":{\"@id\":\"https:\/\/www.coopsoller.coop\/es\/#organization\"},\"potentialAction\":[{\"@type\":\"SearchAction\",\"target\":{\"@type\":\"EntryPoint\",\"urlTemplate\":\"https:\/\/www.coopsoller.coop\/es\/?s={search_term_string}\"},\"query-input\":{\"@type\":\"PropertyValueSpecification\",\"valueRequired\":true,\"valueName\":\"search_term_string\"}}],\"inLanguage\":\"es\"},{\"@type\":\"Organization\",\"@id\":\"https:\/\/www.coopsoller.coop\/es\/#organization\",\"name\":\"Cooperativa Agr\u00edcola de S\u00f3ller\",\"url\":\"https:\/\/www.coopsoller.coop\/es\/\",\"logo\":{\"@type\":\"ImageObject\",\"inLanguage\":\"es\",\"@id\":\"https:\/\/www.coopsoller.coop\/es\/#\/schema\/logo\/image\/\",\"url\":\"https:\/\/www.coopsoller.coop\/wp-content\/uploads\/2021\/02\/logo-coopsoller-01.png\",\"contentUrl\":\"https:\/\/www.coopsoller.coop\/wp-content\/uploads\/2021\/02\/logo-coopsoller-01.png\",\"width\":347,\"height\":143,\"caption\":\"Cooperativa Agr\u00edcola de S\u00f3ller\"},\"image\":{\"@id\":\"https:\/\/www.coopsoller.coop\/es\/#\/schema\/logo\/image\/\"},\"sameAs\":[\"https:\/\/www.facebook.com\/coopsoller\",\"https:\/\/x.com\/coopsoller\",\"https:\/\/www.instagram.com\/coopsoller\",\"https:\/\/www.linkedin.com\/company\/coopsoller\/\",\"https:\/\/www.youtube.com\/user\/coopsoller\"]}]}<\/script>\n<!-- \/ Yoast SEO plugin. -->","yoast_head_json":{"title":"Pol\u00edtica de calidad","description":"Queremos ser una organizaci\u00f3n que recupere y haga rentable el campo mallorqu\u00edn, satisfaciendo las exigencias de cooperativistas y consumidores.","robots":{"index":"index","follow":"follow","max-snippet":"max-snippet:-1","max-image-preview":"max-image-preview:large","max-video-preview":"max-video-preview:-1"},"canonical":"https:\/\/www.coopsoller.coop\/es\/la-cooperativa\/politica-de-calidad\/","og_locale":"es_ES","og_type":"article","og_title":"Pol\u00edtica de calidad","og_description":"Queremos ser una organizaci\u00f3n que recupere y haga rentable el campo mallorqu\u00edn, satisfaciendo las exigencias de cooperativistas y consumidores.","og_url":"https:\/\/www.coopsoller.coop\/es\/la-cooperativa\/politica-de-calidad\/","og_site_name":"Cooperativa Agr\u00edcola de S\u00f3ller","article_publisher":"https:\/\/www.facebook.com\/coopsoller","og_image":[{"width":347,"height":143,"url":"https:\/\/www.coopsoller.coop\/wp-content\/uploads\/2021\/02\/logo-coopsoller-01.png","type":"image\/png"}],"twitter_card":"summary_large_image","twitter_site":"@coopsoller","schema":{"@context":"https:\/\/schema.org","@graph":[{"@type":"WebPage","@id":"https:\/\/www.coopsoller.coop\/es\/la-cooperativa\/politica-de-calidad\/","url":"https:\/\/www.coopsoller.coop\/es\/la-cooperativa\/politica-de-calidad\/","name":"Pol\u00edtica de calidad","isPartOf":{"@id":"https:\/\/www.coopsoller.coop\/es\/#website"},"datePublished":"2021-09-30T10:38:00+00:00","description":"Queremos ser una organizaci\u00f3n que recupere y haga rentable el campo mallorqu\u00edn, satisfaciendo las exigencias de cooperativistas y consumidores.","breadcrumb":{"@id":"https:\/\/www.coopsoller.coop\/es\/la-cooperativa\/politica-de-calidad\/#breadcrumb"},"inLanguage":"es","potentialAction":[{"@type":"ReadAction","target":["https:\/\/www.coopsoller.coop\/es\/la-cooperativa\/politica-de-calidad\/"]}]},{"@type":"BreadcrumbList","@id":"https:\/\/www.coopsoller.coop\/es\/la-cooperativa\/politica-de-calidad\/#breadcrumb","itemListElement":[{"@type":"ListItem","position":1,"name":"La Cooperativa","item":"https:\/\/www.coopsoller.coop\/es\/la-cooperativa\/"},{"@type":"ListItem","position":2,"name":"Pol\u00edtica de calidad"}]},{"@type":"WebSite","@id":"https:\/\/www.coopsoller.coop\/es\/#website","url":"https:\/\/www.coopsoller.coop\/es\/","name":"Cooperativa Agr\u00edcola de S\u00f3ller","description":"Cooperativa Agr\u00edcola Sant Bartomeu de S\u00f3ller","publisher":{"@id":"https:\/\/www.coopsoller.coop\/es\/#organization"},"potentialAction":[{"@type":"SearchAction","target":{"@type":"EntryPoint","urlTemplate":"https:\/\/www.coopsoller.coop\/es\/?s={search_term_string}"},"query-input":{"@type":"PropertyValueSpecification","valueRequired":true,"valueName":"search_term_string"}}],"inLanguage":"es"},{"@type":"Organization","@id":"https:\/\/www.coopsoller.coop\/es\/#organization","name":"Cooperativa Agr\u00edcola de S\u00f3ller","url":"https:\/\/www.coopsoller.coop\/es\/","logo":{"@type":"ImageObject","inLanguage":"es","@id":"https:\/\/www.coopsoller.coop\/es\/#\/schema\/logo\/image\/","url":"https:\/\/www.coopsoller.coop\/wp-content\/uploads\/2021\/02\/logo-coopsoller-01.png","contentUrl":"https:\/\/www.coopsoller.coop\/wp-content\/uploads\/2021\/02\/logo-coopsoller-01.png","width":347,"height":143,"caption":"Cooperativa Agr\u00edcola de S\u00f3ller"},"image":{"@id":"https:\/\/www.coopsoller.coop\/es\/#\/schema\/logo\/image\/"},"sameAs":["https:\/\/www.facebook.com\/coopsoller","https:\/\/x.com\/coopsoller","https:\/\/www.instagram.com\/coopsoller","https:\/\/www.linkedin.com\/company\/coopsoller\/","https:\/\/www.youtube.com\/user\/coopsoller"]}]}},"_links":{"self":[{"href":"https:\/\/www.coopsoller.coop\/es\/wp-json\/wp\/v2\/pages\/14947","targetHints":{"allow":["GET"]}}],"collection":[{"href":"https:\/\/www.coopsoller.coop\/es\/wp-json\/wp\/v2\/pages"}],"about":[{"href":"https:\/\/www.coopsoller.coop\/es\/wp-json\/wp\/v2\/types\/page"}],"author":[{"embeddable":true,"href":"https:\/\/www.coopsoller.coop\/es\/wp-json\/wp\/v2\/users\/1"}],"replies":[{"embeddable":true,"href":"https:\/\/www.coopsoller.coop\/es\/wp-json\/wp\/v2\/comments?post=14947"}],"version-history":[{"count":1,"href":"https:\/\/www.coopsoller.coop\/es\/wp-json\/wp\/v2\/pages\/14947\/revisions"}],"predecessor-version":[{"id":14948,"href":"https:\/\/www.coopsoller.coop\/es\/wp-json\/wp\/v2\/pages\/14947\/revisions\/14948"}],"up":[{"embeddable":true,"href":"https:\/\/www.coopsoller.coop\/es\/wp-json\/wp\/v2\/pages\/14944"}],"wp:attachment":[{"href":"https:\/\/www.coopsoller.coop\/es\/wp-json\/wp\/v2\/media?parent=14947"}],"curies":[{"name":"wp","href":"https:\/\/api.w.org\/{rel}","templated":true}]}}