{"id":15495,"date":"2022-03-23T18:33:41","date_gmt":"2022-03-23T17:33:41","guid":{"rendered":"https:\/\/www.coopsoller.coop\/contact\/"},"modified":"2024-11-15T08:37:15","modified_gmt":"2024-11-15T07:37:15","slug":"contact","status":"publish","type":"page","link":"https:\/\/www.coopsoller.coop\/fr\/contact\/","title":{"rendered":"Contact"},"content":{"rendered":"<div class=\"wpb-content-wrapper\"><p>[vc_row][vc_column]\r\n\t<div class=\"agrikole-spacer clearfix\" data-desktop=\"120\" data-mobi=\"60\" data-smobi=\"60\"><\/div>[vc_row_inner el_class=\u00a0\u00bbhalf-on-991&Prime;][vc_column_inner width=\u00a0\u00bb1\/4&Prime;]<div class=\"agrikole-content-box clearfix \" data-padding=\"40px 50px 40px\" data-mobipadding=\"40px 50px 40px\" data-margin=\"\" data-mobimargin=\"\" >\r\n\t\t<div class=\"inner ctb-1004180944\" style=\"\"  data-background=\"\" data-rounded=\"5px\" data-border-color=\"#f5f0e9\" data-border-width=\"1px\" data-border-style=\"solid\" data-background-hover=\"#f5f0e9\" data-rounded-hover=\"5px\" data-border-color-hover=\"#f5f0e9\" data-border-width-hover=\"1px\" data-border-style-hover=\"solid\" data-translatey=\"-5\">\r\n\t\t\t<div class=\"agrikole-headings clearfix \" data-font=30 style=\"\"><h3 class=\"heading clearfix \" style=\"margin-bottom:17px;font-size:30px;\">\r\n\t\tADRESSE\r\n\t<\/h3><div class=\"sub-heading clearfix\">\r\n\t\t<p>Rue de Fornalutx, 8<br \/>\n 07100 Soller<br \/>\n Majorque (\u00celes Bal\u00e9ares)<\/p>\n\r\n\t<\/div><\/div>\r\n\t\t<\/div>\r\n\t<\/div>\r\n\t<div class=\"agrikole-spacer clearfix\" data-desktop=\"0\" data-mobi=\"30\" data-smobi=\"30\"><\/div>[\/vc_column_inner][vc_column_inner width=\u00a0\u00bb1\/4&Prime;]<div class=\"agrikole-content-box clearfix \" data-padding=\"40px 50px 40px\" data-mobipadding=\"40px 50px 40px\" data-margin=\"\" data-mobimargin=\"\" >\r\n\t\t<div class=\"inner ctb-685452409\" style=\"\"  data-background=\"#f5f0e9\" data-rounded=\"5px\" data-border-color=\"#f5f0e9\" data-border-width=\"1px\" data-border-style=\"solid\" data-background-hover=\"#f5f0e9\" data-rounded-hover=\"5px\" data-border-color-hover=\"#f5f0e9\" data-border-width-hover=\"1px\" data-border-style-hover=\"solid\" data-translatey=\"-5\">\r\n\t\t\t<div class=\"agrikole-headings clearfix \" data-font=30 style=\"\"><h3 class=\"heading clearfix \" style=\"margin-bottom:17px;font-size:30px;\">\r\n\t\tCONTACTEZ\r\n\t<\/h3><div class=\"sub-heading clearfix\">\r\n\t\t<p>+0034 971 630 294<\/p>\n<p>info@cooperativasoller.com<\/p>\n\r\n\t<\/div><\/div>\r\n\t\t<\/div>\r\n\t<\/div>\r\n\t<div class=\"agrikole-spacer clearfix\" data-desktop=\"0\" data-mobi=\"30\" data-smobi=\"30\"><\/div>[\/vc_column_inner][vc_column_inner width=\u00a0\u00bb1\/4&Prime;]<div class=\"agrikole-content-box clearfix \" data-padding=\"40px 50px 40px\" data-mobipadding=\"40px 50px 40px\" data-margin=\"\" data-mobimargin=\"\" >\r\n\t\t<div class=\"inner ctb-1783275893\" style=\"\"  data-background=\"\" data-rounded=\"5px\" data-border-color=\"#f5f0e9\" data-border-width=\"1px\" data-border-style=\"solid\" data-background-hover=\"#f5f0e9\" data-rounded-hover=\"5px\" data-border-color-hover=\"#f5f0e9\" data-border-width-hover=\"1px\" data-border-style-hover=\"solid\" data-translatey=\"-5\">\r\n\t\t\t<div class=\"agrikole-headings clearfix \" data-font=30 style=\"\"><h3 class=\"heading clearfix \" style=\"margin-bottom:17px;font-size:30px;\">\r\n\t\tHEURES D&#039;OUVERTURE\r\n\t<\/h3><div class=\"sub-heading clearfix\">\r\n\t\t<p>Du lundi au vendredi<br \/>\n 08h00 \u00e0 19h00<br \/>\n Samedi<br \/>\n 08h00 \u00e0 15h00<\/p>\n\r\n\t<\/div><\/div>\r\n\t\t<\/div>\r\n\t<\/div>\r\n\t<div class=\"agrikole-spacer clearfix\" data-desktop=\"0\" data-mobi=\"30\" data-smobi=\"30\"><\/div>[\/vc_column_inner][vc_column_inner width=\u00a0\u00bb1\/4&Prime;]<div class=\"agrikole-content-box clearfix \" data-padding=\"40px 50px 40px\" data-mobipadding=\"40px 50px 40px\" data-margin=\"\" data-mobimargin=\"\" >\r\n\t\t<div class=\"inner ctb-310159494\" style=\"\"  data-background=\"\" data-rounded=\"5px\" data-border-color=\"#f5f0e9\" data-border-width=\"1px\" data-border-style=\"solid\" data-background-hover=\"#f5f0e9\" data-rounded-hover=\"5px\" data-border-color-hover=\"#f5f0e9\" data-border-width-hover=\"1px\" data-border-style-hover=\"solid\" data-translatey=\"-5\">\r\n\t\t\t<div class=\"agrikole-headings clearfix \" data-font=30 style=\"\"><h3 class=\"heading clearfix \" style=\"margin-bottom:17px;font-size:30px;\">\r\n\t\tHORAIRES DU MAGASIN\r\n\t<\/h3><div class=\"sub-heading clearfix\">\r\n\t\t<p>Du lundi au vendredi<br \/>\n 08h00 \u00e0 19h00<br \/>\n Samedi<br \/>\n 08h00 \u00e0 13h00<\/p>\n\r\n\t<\/div><\/div>\r\n\t\t<\/div>\r\n\t<\/div>[\/vc_column_inner][\/vc_row_inner][vc_gmaps link=\u00a0\u00bb#E-8_JTNDaWZyYW1lJTIwc3JjJTNEJTIyaHR0cHMlM0ElMkYlMkZ3d3cuZ29vZ2xlLmNvbSUyRm1hcHMlMkZlbWJlZCUzRnBiJTNEJTIxMW0xNCUyMTFtMTIlMjExbTMlMjExZDc2Ni42Njc0MzI5MDM4NjU5JTIxMmQyLjcyNDAxNjUyOTIxNDU5MDYlMjEzZDM5Ljc2OTUyMzA5ODcxNTMyNSUyMTJtMyUyMTFmMCUyMTJmMCUyMTNmMCUyMTNtMiUyMTFpMTAyNCUyMTJpNzY4JTIxNGYxMy4xJTIxNWUwJTIxM20yJTIxMXNlcyUyMTJzZXMlMjE0djE2MjE1MjQ3NjU3NTYlMjE1bTIlMjExc2VzJTIxMnNlcyUyMiUyMHdpZHRoJTNEJTIyNjAwJTIyJTIwaGVpZ2h0JTNEJTIyNDUwJTIyJTIwc3R5bGUlM0QlMjJib3JkZXIlM0EwJTNCJTIyJTIwYWxsb3dmdWxsc2NyZWVuJTNEJTIyJTIyJTIwbG9hZGluZyUzRCUyMmxhenklMjIlM0UlM0MlMkZpZnJhbWUlM0U=\u00a0\u00bb]\r\n\t<div class=\"agrikole-spacer clearfix\" data-desktop=\"120\" data-mobi=\"60\" data-smobi=\"60\"><\/div>[\/vc_column][\/vc_row][vc_row][vc_column][vc_row_inner][vc_column_inner width=\u00a0\u00bb1\/2&Prime; halfbg=\u00a0\u00bbcolor\u00a0\u00bb halfbg_color=\u00a0\u00bb#5b8c51&Prime; halfbg_rounded=\u00a0\u00bb0px 5px 0px 0px\u00a0\u00bb]\r\n\t<div class=\"agrikole-spacer clearfix\" data-desktop=\"112\" data-mobi=\"60\" data-smobi=\"60\"><\/div><div class=\"agrikole-headings clearfix \" data-font=70 data-mfont=60 style=\"\"><div class=\"pre-heading clearfix\" style=\"font-weight:600;color:#ffffff;font-size:14px;letter-spacing:3px;\">\r\n\t\tCONTACTA AMB NOSALTRES\r\n\t<\/div><h2 class=\"heading clearfix \" style=\"color:#ffffff;line-height:70px;font-size:70px;\">\r\n\t\t\u00c9CRIVEZ-NOUS UN MESSAGE\r\n\t<\/h2><div class=\"sep clearfix\" style=\"margin:5px 0 0;\">\r\n\t\t\t\t<img decoding=\"async\" alt=\"image\" src=\"https:\/\/www.coopsoller.coop\/wp-content\/uploads\/2020\/01\/separator.png\">\r\n\t\t\t<\/div><\/div>\r\n\t<div class=\"agrikole-spacer clearfix\" data-desktop=\"56\" data-mobi=\"40\" data-smobi=\"40\"><\/div><div class=\"agrikole-content-box clearfix \" data-padding=\"0px 105px 0px 0px\" data-mobipadding=\"0px 0px 0px 0px\" data-margin=\"\" data-mobimargin=\"\" >\r\n\t\t<div class=\"inner ctb-1580052680\" style=\"\"  data-background=\"\" data-border-style=\"solid\" data-border-style-hover=\"solid\">\r\n\t\t\t<div class=\"agrikole-cf7  bg-white btn-accent\">\n<div class=\"wpcf7 no-js\" id=\"wpcf7-f4437-o1\" lang=\"ca\" dir=\"ltr\" data-wpcf7-id=\"4437\">\n<div class=\"screen-reader-response\"><p role=\"status\" aria-live=\"polite\" aria-atomic=\"true\"><\/p> <ul><\/ul><\/div>\n<form action=\"\/fr\/wp-json\/wp\/v2\/pages\/15495#wpcf7-f4437-o1\" method=\"post\" class=\"wpcf7-form init\" aria-label=\"Formulari de contacte\" novalidate=\"novalidate\" data-status=\"init\">\n<fieldset class=\"hidden-fields-container\"><input type=\"hidden\" name=\"_wpcf7\" value=\"4437\" \/><input type=\"hidden\" name=\"_wpcf7_version\" value=\"6.1.4\" \/><input type=\"hidden\" name=\"_wpcf7_locale\" value=\"ca\" \/><input type=\"hidden\" name=\"_wpcf7_unit_tag\" value=\"wpcf7-f4437-o1\" \/><input type=\"hidden\" name=\"_wpcf7_container_post\" value=\"0\" \/><input type=\"hidden\" name=\"_wpcf7_posted_data_hash\" value=\"\" \/><input type=\"hidden\" name=\"_wpcf7_recaptcha_response\" value=\"\" \/>\n<\/fieldset>\n<div class=\"input-wrap clearfix\">\n\t<div class=\"name-wrap\">\n\t\t<p><span class=\"wpcf7-form-control-wrap\" data-name=\"your-name\"><input size=\"40\" maxlength=\"400\" class=\"wpcf7-form-control wpcf7-text wpcf7-validates-as-required\" aria-required=\"true\" aria-invalid=\"false\" placeholder=\"Nom i llinatges\" value=\"\" type=\"text\" name=\"your-name\" \/><\/span>\n\t\t<\/p>\n\t<\/div>\n\t<div class=\"email-wrap\">\n\t\t<p><span class=\"wpcf7-form-control-wrap\" data-name=\"your-email\"><input size=\"40\" maxlength=\"400\" class=\"wpcf7-form-control wpcf7-email wpcf7-validates-as-required wpcf7-text wpcf7-validates-as-email\" aria-required=\"true\" aria-invalid=\"false\" placeholder=\"Correu electr\u00f2nic\" value=\"\" type=\"email\" name=\"your-email\" \/><\/span>\n\t\t<\/p>\n\t<\/div>\n<\/div>\n<div class=\"input-wrap clearfix\">\n\t<div class=\"phone-wrap\">\n\t\t<p><span class=\"wpcf7-form-control-wrap\" data-name=\"your-phone\"><input size=\"40\" maxlength=\"400\" class=\"wpcf7-form-control wpcf7-text wpcf7-validates-as-required\" aria-required=\"true\" aria-invalid=\"false\" placeholder=\"Tel\u00e8fon\" value=\"\" type=\"text\" name=\"your-phone\" \/><\/span>\n\t\t<\/p>\n\t<\/div>\n\t<div class=\"subject-wrap\">\n\t\t<p><span class=\"wpcf7-form-control-wrap\" data-name=\"your-subject\"><input size=\"40\" maxlength=\"400\" class=\"wpcf7-form-control wpcf7-text wpcf7-validates-as-required\" aria-required=\"true\" aria-invalid=\"false\" placeholder=\"Tema\" value=\"\" type=\"text\" name=\"your-subject\" \/><\/span>\n\t\t<\/p>\n\t<\/div>\n<\/div>\n<div class=\"message-wrap\">\n\t<p><span class=\"wpcf7-form-control-wrap\" data-name=\"your-message\"><textarea cols=\"40\" rows=\"10\" maxlength=\"2000\" class=\"wpcf7-form-control wpcf7-textarea\" aria-invalid=\"false\" placeholder=\"Escriu missatge\" name=\"your-message\"><\/textarea><\/span>\n\t<\/p>\n<\/div>\n<div class=\"submit-wrap\">\n\t<p><span><input class=\"wpcf7-form-control wpcf7-submit has-spinner\" type=\"submit\" value=\"Enviar missatge\" \/><\/span>\n\t<\/p>\n<\/div><div class=\"wpcf7-response-output\" aria-hidden=\"true\"><\/div>\n<\/form>\n<\/div>\n<\/div>\r\n\t\t<\/div>\r\n\t<\/div>\r\n\t<div class=\"agrikole-spacer clearfix\" data-desktop=\"120\" data-mobi=\"40\" data-smobi=\"40\"><\/div>[\/vc_column_inner][vc_column_inner width=\u00a0\u00bb1\/2&Prime;]<div class=\"agrikole-content-box clearfix  display-flex justify-content-center\" data-padding=\"0px 40px 100px 40px\" data-mobipadding=\"40px 10px 40px 10px\" data-margin=\"\" data-mobimargin=\"\" >\r\n\t\t<div class=\"inner ctb-241079891\" style=\"\"  data-background=\"\" data-border-style=\"solid\" data-border-style-hover=\"solid\">\r\n\t\t\t<div class=\"agrikole-simple-image simple \" style=\" max-width:360px;border-radius:5px;overflow:hidden;text-align:center; margin:0 auto;\">\r\n\t\t\t\t<img decoding=\"async\" alt=\"image\" src=\"https:\/\/www.coopsoller.coop\/wp-content\/uploads\/2021\/02\/logo-coopsoller-01.png\" \/> \r\n\t\t\t<\/div>\r\n\t<div class=\"agrikole-spacer clearfix\" data-desktop=\"40\" data-mobi=\"35\" data-smobi=\"35\"><\/div><div class=\"agrikole-headings clearfix text-center\" data-font=70 data-mfont=60 style=\"\"><div class=\"pre-heading clearfix\" style=\"font-weight:600;color:#5b8c51;font-size:14px;letter-spacing:3px;\">\r\n\t\tPOSEU-VOS EN CONTACTE\r\n\t<\/div><h2 class=\"heading clearfix \" style=\"line-height:70px;font-size:70px;\">\r\n\t\tAVEZ-VOUS DES QUESTIONS?\r\n\t<\/h2><div class=\"sep clearfix\" style=\"margin:5px 0 0;\">\r\n\t\t\t\t<img decoding=\"async\" alt=\"image\" src=\"https:\/\/www.coopsoller.coop\/wp-content\/uploads\/2020\/01\/separator.png\">\r\n\t\t\t<\/div><\/div>\r\n\t<div class=\"agrikole-spacer clearfix\" data-desktop=\"35\" data-mobi=\"35\" data-smobi=\"35\"><\/div>[vc_column_text]<\/p>\n<div style=\"text-align: center; max-width: 370px; margin: 0 auto;\">Si vous avez des questions, n&rsquo;h\u00e9sitez pas \u00e0 nous contacter via le formulaire ou par t\u00e9l\u00e9phone.<\/div>\n<p>[\/vc_column_text]\r\n\t<div class=\"agrikole-spacer clearfix\" data-desktop=\"42\" data-mobi=\"35\" data-smobi=\"35\"><\/div><div class=\"agrikole-align-box  mobi-align-center align-center\"><div class=\"button-wrap icon-right\" style=\"\" ><a href=\"tel.971639204\" target=\"_self\" class=\"agrikole-button btn-1207620846 small no_icon accent custom\" style=\"border-radius:5px;\"  data-text=\"#404a3d\" data-text-hover=\"#ffffff\" data-background-hover=\"#404a3d\">\r\n\t\t<span style=\"\">971639204 <\/span>\r\n\t<\/a><\/div><\/div>\r\n\t\t<\/div>\r\n\t<\/div>[\/vc_column_inner][\/vc_row_inner][\/vc_column][\/vc_row][vc_row][vc_column][\/vc_column][\/vc_row]<\/p>\n<\/div>","protected":false},"excerpt":{"rendered":"<p>[vc_row][vc_column][vc_row_inner el_class=\u00a0\u00bbhalf-on-991&Prime;][vc_column_inner width=\u00a0\u00bb1\/4&Prime;][\/vc_column_inner][vc_column_inner width=\u00a0\u00bb1\/4&Prime;][\/vc_column_inner][vc_column_inner width=\u00a0\u00bb1\/4&Prime;][\/vc_column_inner][vc_column_inner width=\u00a0\u00bb1\/4&Prime;][\/vc_column_inner][\/vc_row_inner][vc_gmaps link=\u00a0\u00bb#E-8_JTNDaWZyYW1lJTIwc3JjJTNEJTIyaHR0cHMlM0ElMkYlMkZ3d3cuZ29vZ2xlLmNvbSUyRm1hcHMlMkZlbWJlZCUzRnBiJTNEJTIxMW0xNCUyMTFtMTIlMjExbTMlMjExZDc2Ni42Njc0MzI5MDM4NjU5JTIxMmQyLjcyNDAxNjUyOTIxNDU5MDYlMjEzZDM5Ljc2OTUyMzA5ODcxNTMyNSUyMTJtMyUyMTFmMCUyMTJmMCUyMTNmMCUyMTNtMiUyMTFpMTAyNCUyMTJpNzY4JTIxNGYxMy4xJTIxNWUwJTIxM20yJTIxMXNlcyUyMTJzZXMlMjE0djE2MjE1MjQ3NjU3NTYlMjE1bTIlMjExc2VzJTIxMnNlcyUyMiUyMHdpZHRoJTNEJTIyNjAwJTIyJTIwaGVpZ2h0JTNEJTIyNDUwJTIyJTIwc3R5bGUlM0QlMjJib3JkZXIlM0EwJTNCJTIyJTIwYWxsb3dmdWxsc2NyZWVuJTNEJTIyJTIyJTIwbG9hZGluZyUzRCUyMmxhenklMjIlM0UlM0MlMkZpZnJhbWUlM0U=\u00a0\u00bb][\/vc_column][\/vc_row][vc_row][vc_column][vc_row_inner][vc_column_inner width=\u00a0\u00bb1\/2&Prime; halfbg=\u00a0\u00bbcolor\u00a0\u00bb halfbg_color=\u00a0\u00bb#5b8c51&Prime; halfbg_rounded=\u00a0\u00bb0px 5px 0px 0px\u00a0\u00bb][\/vc_column_inner][vc_column_inner width=\u00a0\u00bb1\/2&Prime;][\/vc_column_inner][\/vc_row_inner][\/vc_column][\/vc_row][vc_row][vc_column][\/vc_column][\/vc_row]<\/p>\n","protected":false},"author":1,"featured_media":0,"parent":0,"menu_order":0,"comment_status":"closed","ping_status":"closed","template":"","meta":{"googlesitekit_rrm_CAowjJS5DA:productID":"","footnotes":""},"class_list":["post-15495","page","type-page","status-publish","hentry"],"yoast_head":"<!-- This site is optimized with the Yoast SEO plugin v26.8 - https:\/\/yoast.com\/product\/yoast-seo-wordpress\/ -->\n<title>Contact - Cooperativa Agr\u00edcola de S\u00f3ller<\/title>\n<meta name=\"description\" content=\"Vous souhaitez contacter la Cooperativa Agr\u00edcola de S\u00f3ller? Vous pouvez nous appeler ou utiliser notre formulaire de contact.\" \/>\n<meta name=\"robots\" content=\"index, follow, max-snippet:-1, max-image-preview:large, max-video-preview:-1\" \/>\n<link rel=\"canonical\" href=\"https:\/\/www.coopsoller.coop\/fr\/contact\/\" \/>\n<meta property=\"og:locale\" content=\"fr_FR\" \/>\n<meta property=\"og:type\" content=\"article\" \/>\n<meta property=\"og:title\" content=\"Contact - Cooperativa Agr\u00edcola de S\u00f3ller\" \/>\n<meta property=\"og:description\" content=\"Vous souhaitez contacter la Cooperativa Agr\u00edcola de S\u00f3ller? Vous pouvez nous appeler ou utiliser notre formulaire de contact.\" \/>\n<meta property=\"og:url\" content=\"https:\/\/www.coopsoller.coop\/fr\/contact\/\" \/>\n<meta property=\"og:site_name\" content=\"Cooperativa Agr\u00edcola de S\u00f3ller\" \/>\n<meta property=\"article:publisher\" content=\"https:\/\/www.facebook.com\/coopsoller\" \/>\n<meta property=\"article:modified_time\" content=\"2024-11-15T07:37:15+00:00\" \/>\n<meta property=\"og:image\" content=\"https:\/\/www.coopsoller.coop\/wp-content\/uploads\/2021\/02\/logo-coopsoller-01.png\" \/>\n\t<meta property=\"og:image:width\" content=\"347\" \/>\n\t<meta property=\"og:image:height\" content=\"143\" \/>\n\t<meta property=\"og:image:type\" content=\"image\/png\" \/>\n<meta name=\"twitter:card\" content=\"summary_large_image\" \/>\n<meta name=\"twitter:site\" content=\"@coopsoller\" \/>\n<meta name=\"twitter:label1\" content=\"Dur\u00e9e de lecture estim\u00e9e\" \/>\n\t<meta name=\"twitter:data1\" content=\"2 minutes\" \/>\n<script type=\"application\/ld+json\" class=\"yoast-schema-graph\">{\"@context\":\"https:\/\/schema.org\",\"@graph\":[{\"@type\":\"WebPage\",\"@id\":\"https:\/\/www.coopsoller.coop\/fr\/contact\/\",\"url\":\"https:\/\/www.coopsoller.coop\/fr\/contact\/\",\"name\":\"Contact - Cooperativa Agr\u00edcola de S\u00f3ller\",\"isPartOf\":{\"@id\":\"https:\/\/www.coopsoller.coop\/fr\/#website\"},\"datePublished\":\"2022-03-23T17:33:41+00:00\",\"dateModified\":\"2024-11-15T07:37:15+00:00\",\"description\":\"Vous souhaitez contacter la Cooperativa Agr\u00edcola de S\u00f3ller? Vous pouvez nous appeler ou utiliser notre formulaire de contact.\",\"inLanguage\":\"fr-FR\",\"potentialAction\":[{\"@type\":\"ReadAction\",\"target\":[\"https:\/\/www.coopsoller.coop\/fr\/contact\/\"]}]},{\"@type\":\"WebSite\",\"@id\":\"https:\/\/www.coopsoller.coop\/fr\/#website\",\"url\":\"https:\/\/www.coopsoller.coop\/fr\/\",\"name\":\"Cooperativa Agr\u00edcola de S\u00f3ller\",\"description\":\"Cooperativa Agr\u00edcola Sant Bartomeu de S\u00f3ller\",\"publisher\":{\"@id\":\"https:\/\/www.coopsoller.coop\/fr\/#organization\"},\"potentialAction\":[{\"@type\":\"SearchAction\",\"target\":{\"@type\":\"EntryPoint\",\"urlTemplate\":\"https:\/\/www.coopsoller.coop\/fr\/?s={search_term_string}\"},\"query-input\":{\"@type\":\"PropertyValueSpecification\",\"valueRequired\":true,\"valueName\":\"search_term_string\"}}],\"inLanguage\":\"fr-FR\"},{\"@type\":\"Organization\",\"@id\":\"https:\/\/www.coopsoller.coop\/fr\/#organization\",\"name\":\"Cooperativa Agr\u00edcola de S\u00f3ller\",\"url\":\"https:\/\/www.coopsoller.coop\/fr\/\",\"logo\":{\"@type\":\"ImageObject\",\"inLanguage\":\"fr-FR\",\"@id\":\"https:\/\/www.coopsoller.coop\/fr\/#\/schema\/logo\/image\/\",\"url\":\"https:\/\/www.coopsoller.coop\/wp-content\/uploads\/2021\/02\/logo-coopsoller-01.png\",\"contentUrl\":\"https:\/\/www.coopsoller.coop\/wp-content\/uploads\/2021\/02\/logo-coopsoller-01.png\",\"width\":347,\"height\":143,\"caption\":\"Cooperativa Agr\u00edcola de S\u00f3ller\"},\"image\":{\"@id\":\"https:\/\/www.coopsoller.coop\/fr\/#\/schema\/logo\/image\/\"},\"sameAs\":[\"https:\/\/www.facebook.com\/coopsoller\",\"https:\/\/x.com\/coopsoller\",\"https:\/\/www.instagram.com\/coopsoller\",\"https:\/\/www.linkedin.com\/company\/coopsoller\/\",\"https:\/\/www.youtube.com\/user\/coopsoller\"]}]}<\/script>\n<!-- \/ Yoast SEO plugin. -->","yoast_head_json":{"title":"Contact - Cooperativa Agr\u00edcola de S\u00f3ller","description":"Vous souhaitez contacter la Cooperativa Agr\u00edcola de S\u00f3ller? Vous pouvez nous appeler ou utiliser notre formulaire de contact.","robots":{"index":"index","follow":"follow","max-snippet":"max-snippet:-1","max-image-preview":"max-image-preview:large","max-video-preview":"max-video-preview:-1"},"canonical":"https:\/\/www.coopsoller.coop\/fr\/contact\/","og_locale":"fr_FR","og_type":"article","og_title":"Contact - Cooperativa Agr\u00edcola de S\u00f3ller","og_description":"Vous souhaitez contacter la Cooperativa Agr\u00edcola de S\u00f3ller? Vous pouvez nous appeler ou utiliser notre formulaire de contact.","og_url":"https:\/\/www.coopsoller.coop\/fr\/contact\/","og_site_name":"Cooperativa Agr\u00edcola de S\u00f3ller","article_publisher":"https:\/\/www.facebook.com\/coopsoller","article_modified_time":"2024-11-15T07:37:15+00:00","og_image":[{"width":347,"height":143,"url":"https:\/\/www.coopsoller.coop\/wp-content\/uploads\/2021\/02\/logo-coopsoller-01.png","type":"image\/png"}],"twitter_card":"summary_large_image","twitter_site":"@coopsoller","twitter_misc":{"Dur\u00e9e de lecture estim\u00e9e":"2 minutes"},"schema":{"@context":"https:\/\/schema.org","@graph":[{"@type":"WebPage","@id":"https:\/\/www.coopsoller.coop\/fr\/contact\/","url":"https:\/\/www.coopsoller.coop\/fr\/contact\/","name":"Contact - Cooperativa Agr\u00edcola de S\u00f3ller","isPartOf":{"@id":"https:\/\/www.coopsoller.coop\/fr\/#website"},"datePublished":"2022-03-23T17:33:41+00:00","dateModified":"2024-11-15T07:37:15+00:00","description":"Vous souhaitez contacter la Cooperativa Agr\u00edcola de S\u00f3ller? Vous pouvez nous appeler ou utiliser notre formulaire de contact.","inLanguage":"fr-FR","potentialAction":[{"@type":"ReadAction","target":["https:\/\/www.coopsoller.coop\/fr\/contact\/"]}]},{"@type":"WebSite","@id":"https:\/\/www.coopsoller.coop\/fr\/#website","url":"https:\/\/www.coopsoller.coop\/fr\/","name":"Cooperativa Agr\u00edcola de S\u00f3ller","description":"Cooperativa Agr\u00edcola Sant Bartomeu de S\u00f3ller","publisher":{"@id":"https:\/\/www.coopsoller.coop\/fr\/#organization"},"potentialAction":[{"@type":"SearchAction","target":{"@type":"EntryPoint","urlTemplate":"https:\/\/www.coopsoller.coop\/fr\/?s={search_term_string}"},"query-input":{"@type":"PropertyValueSpecification","valueRequired":true,"valueName":"search_term_string"}}],"inLanguage":"fr-FR"},{"@type":"Organization","@id":"https:\/\/www.coopsoller.coop\/fr\/#organization","name":"Cooperativa Agr\u00edcola de S\u00f3ller","url":"https:\/\/www.coopsoller.coop\/fr\/","logo":{"@type":"ImageObject","inLanguage":"fr-FR","@id":"https:\/\/www.coopsoller.coop\/fr\/#\/schema\/logo\/image\/","url":"https:\/\/www.coopsoller.coop\/wp-content\/uploads\/2021\/02\/logo-coopsoller-01.png","contentUrl":"https:\/\/www.coopsoller.coop\/wp-content\/uploads\/2021\/02\/logo-coopsoller-01.png","width":347,"height":143,"caption":"Cooperativa Agr\u00edcola de S\u00f3ller"},"image":{"@id":"https:\/\/www.coopsoller.coop\/fr\/#\/schema\/logo\/image\/"},"sameAs":["https:\/\/www.facebook.com\/coopsoller","https:\/\/x.com\/coopsoller","https:\/\/www.instagram.com\/coopsoller","https:\/\/www.linkedin.com\/company\/coopsoller\/","https:\/\/www.youtube.com\/user\/coopsoller"]}]}},"_links":{"self":[{"href":"https:\/\/www.coopsoller.coop\/fr\/wp-json\/wp\/v2\/pages\/15495","targetHints":{"allow":["GET"]}}],"collection":[{"href":"https:\/\/www.coopsoller.coop\/fr\/wp-json\/wp\/v2\/pages"}],"about":[{"href":"https:\/\/www.coopsoller.coop\/fr\/wp-json\/wp\/v2\/types\/page"}],"author":[{"embeddable":true,"href":"https:\/\/www.coopsoller.coop\/fr\/wp-json\/wp\/v2\/users\/1"}],"replies":[{"embeddable":true,"href":"https:\/\/www.coopsoller.coop\/fr\/wp-json\/wp\/v2\/comments?post=15495"}],"version-history":[{"count":10,"href":"https:\/\/www.coopsoller.coop\/fr\/wp-json\/wp\/v2\/pages\/15495\/revisions"}],"predecessor-version":[{"id":16319,"href":"https:\/\/www.coopsoller.coop\/fr\/wp-json\/wp\/v2\/pages\/15495\/revisions\/16319"}],"wp:attachment":[{"href":"https:\/\/www.coopsoller.coop\/fr\/wp-json\/wp\/v2\/media?parent=15495"}],"curies":[{"name":"wp","href":"https:\/\/api.w.org\/{rel}","templated":true}]}}