{"id":15796,"date":"2022-03-30T11:50:14","date_gmt":"2022-03-30T09:50:14","guid":{"rendered":"https:\/\/www.coopsoller.coop\/boutique\/"},"modified":"2022-03-30T11:50:16","modified_gmt":"2022-03-30T09:50:16","slug":"boutique","status":"publish","type":"page","link":"https:\/\/www.coopsoller.coop\/fr\/boutique\/","title":{"rendered":"Boutique"},"content":{"rendered":"","protected":false},"excerpt":{"rendered":"","protected":false},"author":1,"featured_media":0,"parent":0,"menu_order":0,"comment_status":"closed","ping_status":"closed","template":"","meta":{"googlesitekit_rrm_CAowjJS5DA:productID":"","footnotes":""},"class_list":["post-15796","page","type-page","status-publish","hentry"],"yoast_head":"<!-- This site is optimized with the Yoast SEO plugin v26.8 - https:\/\/yoast.com\/product\/yoast-seo-wordpress\/ -->\n<title>Archives de Pages - Cooperativa Agr\u00edcola de S\u00f3ller<\/title>\n<meta name=\"robots\" content=\"index, follow, max-snippet:-1, max-image-preview:large, max-video-preview:-1\" \/>\n<link rel=\"canonical\" href=\"https:\/\/www.coopsoller.coop\/fr\/boutique\/\" \/>\n<meta property=\"og:locale\" content=\"fr_FR\" \/>\n<meta property=\"og:type\" content=\"article\" \/>\n<meta property=\"og:title\" content=\"Archives de Pages - Cooperativa Agr\u00edcola de S\u00f3ller\" \/>\n<meta property=\"og:url\" content=\"https:\/\/www.coopsoller.coop\/fr\/boutique\/\" \/>\n<meta property=\"og:site_name\" content=\"Cooperativa Agr\u00edcola de S\u00f3ller\" \/>\n<meta property=\"article:publisher\" content=\"https:\/\/www.facebook.com\/coopsoller\" \/>\n<meta property=\"article:modified_time\" content=\"2022-03-30T09:50:16+00:00\" \/>\n<meta property=\"og:image\" content=\"https:\/\/www.coopsoller.coop\/wp-content\/uploads\/2021\/02\/logo-coopsoller-01.png\" \/>\n\t<meta property=\"og:image:width\" content=\"347\" \/>\n\t<meta property=\"og:image:height\" content=\"143\" \/>\n\t<meta property=\"og:image:type\" content=\"image\/png\" \/>\n<meta name=\"twitter:card\" content=\"summary_large_image\" \/>\n<meta name=\"twitter:site\" content=\"@coopsoller\" \/>\n<script type=\"application\/ld+json\" class=\"yoast-schema-graph\">{\"@context\":\"https:\/\/schema.org\",\"@graph\":[{\"@type\":\"WebPage\",\"@id\":\"https:\/\/www.coopsoller.coop\/fr\/boutique\/\",\"url\":\"https:\/\/www.coopsoller.coop\/fr\/boutique\/\",\"name\":\"Archives de Pages - Cooperativa Agr\u00edcola de S\u00f3ller\",\"isPartOf\":{\"@id\":\"https:\/\/www.coopsoller.coop\/fr\/#website\"},\"datePublished\":\"2022-03-30T09:50:14+00:00\",\"dateModified\":\"2022-03-30T09:50:16+00:00\",\"inLanguage\":\"fr-FR\",\"potentialAction\":[{\"@type\":\"ReadAction\",\"target\":[\"https:\/\/www.coopsoller.coop\/fr\/boutique\/\"]}]},{\"@type\":\"WebSite\",\"@id\":\"https:\/\/www.coopsoller.coop\/fr\/#website\",\"url\":\"https:\/\/www.coopsoller.coop\/fr\/\",\"name\":\"Cooperativa Agr\u00edcola de S\u00f3ller\",\"description\":\"Cooperativa Agr\u00edcola Sant Bartomeu de S\u00f3ller\",\"publisher\":{\"@id\":\"https:\/\/www.coopsoller.coop\/fr\/#organization\"},\"potentialAction\":[{\"@type\":\"SearchAction\",\"target\":{\"@type\":\"EntryPoint\",\"urlTemplate\":\"https:\/\/www.coopsoller.coop\/fr\/?s={search_term_string}\"},\"query-input\":{\"@type\":\"PropertyValueSpecification\",\"valueRequired\":true,\"valueName\":\"search_term_string\"}}],\"inLanguage\":\"fr-FR\"},{\"@type\":\"Organization\",\"@id\":\"https:\/\/www.coopsoller.coop\/fr\/#organization\",\"name\":\"Cooperativa Agr\u00edcola de S\u00f3ller\",\"url\":\"https:\/\/www.coopsoller.coop\/fr\/\",\"logo\":{\"@type\":\"ImageObject\",\"inLanguage\":\"fr-FR\",\"@id\":\"https:\/\/www.coopsoller.coop\/fr\/#\/schema\/logo\/image\/\",\"url\":\"https:\/\/www.coopsoller.coop\/wp-content\/uploads\/2021\/02\/logo-coopsoller-01.png\",\"contentUrl\":\"https:\/\/www.coopsoller.coop\/wp-content\/uploads\/2021\/02\/logo-coopsoller-01.png\",\"width\":347,\"height\":143,\"caption\":\"Cooperativa Agr\u00edcola de S\u00f3ller\"},\"image\":{\"@id\":\"https:\/\/www.coopsoller.coop\/fr\/#\/schema\/logo\/image\/\"},\"sameAs\":[\"https:\/\/www.facebook.com\/coopsoller\",\"https:\/\/x.com\/coopsoller\",\"https:\/\/www.instagram.com\/coopsoller\",\"https:\/\/www.linkedin.com\/company\/coopsoller\/\",\"https:\/\/www.youtube.com\/user\/coopsoller\"]}]}<\/script>\n<!-- \/ Yoast SEO plugin. -->","yoast_head_json":{"title":"Archives de Pages - Cooperativa Agr\u00edcola de S\u00f3ller","robots":{"index":"index","follow":"follow","max-snippet":"max-snippet:-1","max-image-preview":"max-image-preview:large","max-video-preview":"max-video-preview:-1"},"canonical":"https:\/\/www.coopsoller.coop\/fr\/boutique\/","og_locale":"fr_FR","og_type":"article","og_title":"Archives de Pages - Cooperativa Agr\u00edcola de S\u00f3ller","og_url":"https:\/\/www.coopsoller.coop\/fr\/boutique\/","og_site_name":"Cooperativa Agr\u00edcola de S\u00f3ller","article_publisher":"https:\/\/www.facebook.com\/coopsoller","article_modified_time":"2022-03-30T09:50:16+00:00","og_image":[{"width":347,"height":143,"url":"https:\/\/www.coopsoller.coop\/wp-content\/uploads\/2021\/02\/logo-coopsoller-01.png","type":"image\/png"}],"twitter_card":"summary_large_image","twitter_site":"@coopsoller","schema":{"@context":"https:\/\/schema.org","@graph":[{"@type":"WebPage","@id":"https:\/\/www.coopsoller.coop\/fr\/boutique\/","url":"https:\/\/www.coopsoller.coop\/fr\/boutique\/","name":"Archives de Pages - Cooperativa Agr\u00edcola de S\u00f3ller","isPartOf":{"@id":"https:\/\/www.coopsoller.coop\/fr\/#website"},"datePublished":"2022-03-30T09:50:14+00:00","dateModified":"2022-03-30T09:50:16+00:00","inLanguage":"fr-FR","potentialAction":[{"@type":"ReadAction","target":["https:\/\/www.coopsoller.coop\/fr\/boutique\/"]}]},{"@type":"WebSite","@id":"https:\/\/www.coopsoller.coop\/fr\/#website","url":"https:\/\/www.coopsoller.coop\/fr\/","name":"Cooperativa Agr\u00edcola de S\u00f3ller","description":"Cooperativa Agr\u00edcola Sant Bartomeu de S\u00f3ller","publisher":{"@id":"https:\/\/www.coopsoller.coop\/fr\/#organization"},"potentialAction":[{"@type":"SearchAction","target":{"@type":"EntryPoint","urlTemplate":"https:\/\/www.coopsoller.coop\/fr\/?s={search_term_string}"},"query-input":{"@type":"PropertyValueSpecification","valueRequired":true,"valueName":"search_term_string"}}],"inLanguage":"fr-FR"},{"@type":"Organization","@id":"https:\/\/www.coopsoller.coop\/fr\/#organization","name":"Cooperativa Agr\u00edcola de S\u00f3ller","url":"https:\/\/www.coopsoller.coop\/fr\/","logo":{"@type":"ImageObject","inLanguage":"fr-FR","@id":"https:\/\/www.coopsoller.coop\/fr\/#\/schema\/logo\/image\/","url":"https:\/\/www.coopsoller.coop\/wp-content\/uploads\/2021\/02\/logo-coopsoller-01.png","contentUrl":"https:\/\/www.coopsoller.coop\/wp-content\/uploads\/2021\/02\/logo-coopsoller-01.png","width":347,"height":143,"caption":"Cooperativa Agr\u00edcola de S\u00f3ller"},"image":{"@id":"https:\/\/www.coopsoller.coop\/fr\/#\/schema\/logo\/image\/"},"sameAs":["https:\/\/www.facebook.com\/coopsoller","https:\/\/x.com\/coopsoller","https:\/\/www.instagram.com\/coopsoller","https:\/\/www.linkedin.com\/company\/coopsoller\/","https:\/\/www.youtube.com\/user\/coopsoller"]}]}},"_links":{"self":[{"href":"https:\/\/www.coopsoller.coop\/fr\/wp-json\/wp\/v2\/pages\/15796","targetHints":{"allow":["GET"]}}],"collection":[{"href":"https:\/\/www.coopsoller.coop\/fr\/wp-json\/wp\/v2\/pages"}],"about":[{"href":"https:\/\/www.coopsoller.coop\/fr\/wp-json\/wp\/v2\/types\/page"}],"author":[{"embeddable":true,"href":"https:\/\/www.coopsoller.coop\/fr\/wp-json\/wp\/v2\/users\/1"}],"replies":[{"embeddable":true,"href":"https:\/\/www.coopsoller.coop\/fr\/wp-json\/wp\/v2\/comments?post=15796"}],"version-history":[{"count":1,"href":"https:\/\/www.coopsoller.coop\/fr\/wp-json\/wp\/v2\/pages\/15796\/revisions"}],"predecessor-version":[{"id":15797,"href":"https:\/\/www.coopsoller.coop\/fr\/wp-json\/wp\/v2\/pages\/15796\/revisions\/15797"}],"wp:attachment":[{"href":"https:\/\/www.coopsoller.coop\/fr\/wp-json\/wp\/v2\/media?parent=15796"}],"curies":[{"name":"wp","href":"https:\/\/api.w.org\/{rel}","templated":true}]}}